{"id":95,"date":"2025-02-12T16:47:35","date_gmt":"2025-02-12T15:47:35","guid":{"rendered":"http:\/\/wordpress.hofwerkstatt.de\/?page_id=95"},"modified":"2025-04-15T20:20:58","modified_gmt":"2025-04-15T18:20:58","slug":"yoga-es-ist-deine-zeit","status":"publish","type":"page","link":"https:\/\/hofwerkstatt.de\/en\/programme\/yoga-und-entspannung\/yoga-es-ist-deine-zeit\/","title":{"rendered":"Yoga \u2013 es ist Deine Zeit!"},"content":{"rendered":"<p>[et_pb_section fb_built=&#8220;1&#8243; _builder_version=&#8220;4.27.4&#8243; _module_preset=&#8220;default&#8220; background_enable_color=&#8220;off&#8220; background_image=&#8220;https:\/\/hofwerkstatt.de\/wp-content\/uploads\/2025\/01\/HGSonne.jpg&#8220; custom_padding=&#8220;101px||108px|||&#8220; hover_enabled=&#8220;0&#8243; global_module=&#8220;104910&#8243; saved_tabs=&#8220;all&#8220; global_colors_info=&#8220;{}&#8220; background_position=&#8220;bottom_center&#8220; background_vertical_offset=&#8220;73%&#8220; sticky_enabled=&#8220;0&#8243;][et_pb_row _builder_version=&#8220;4.16&#8243; _module_preset=&#8220;default&#8220; global_colors_info=&#8220;{}&#8220;][et_pb_column type=&#8220;4_4&#8243; _builder_version=&#8220;4.16&#8243; _module_preset=&#8220;default&#8220; global_colors_info=&#8220;{}&#8220;][et_pb_post_title meta=&#8220;off&#8220; featured_image=&#8220;off&#8220; _builder_version=&#8220;4.27.4&#8243; _module_preset=&#8220;default&#8220; title_font=&#8220;&#8211;et_global_heading_font|300|||||||&#8220; title_text_color=&#8220;#FFFFFF&#8220; title_font_size=&#8220;60px&#8220; title_line_height=&#8220;1.2em&#8220; meta_text_color=&#8220;#FFFFFF&#8220; title_font_tablet=&#8220;&#8220; title_font_phone=&#8220;&#8220; title_font_last_edited=&#8220;on|desktop&#8220; title_font_size_tablet=&#8220;49px&#8220; title_font_size_phone=&#8220;26px&#8220; title_font_size_last_edited=&#8220;on|desktop&#8220; title_text_shadow_style=&#8220;preset2&#8243; global_colors_info=&#8220;{}&#8220;][\/et_pb_post_title][et_pb_dmb_breadcrumbs font_icon=&#8220;&#x39;||divi||400&#8243; use_home_icon=&#8220;off&#8220; use_home_text=&#8220;on&#8220; home_text=&#8220;zur Startseite&#8220; _builder_version=&#8220;4.16&#8243; _module_preset=&#8220;default&#8220; body_text_color=&#8220;#FFFFFF&#8220; body_font_size=&#8220;13px&#8220; separator_text_color=&#8220;#FFFFFF&#8220; link_text_color=&#8220;#FFFFFF&#8220; linkhover_text_color=&#8220;#0C71C3&#8243; body_font_size_tablet=&#8220;11px&#8220; body_font_size_phone=&#8220;&#8220; body_font_size_last_edited=&#8220;on|phone&#8220; global_colors_info=&#8220;{}&#8220;][\/et_pb_dmb_breadcrumbs][\/et_pb_column][\/et_pb_row][\/et_pb_section][et_pb_section fb_built=&#8220;1&#8243; theme_builder_area=&#8220;post_content&#8220; _builder_version=&#8220;4.27.4&#8243; _module_preset=&#8220;default&#8220; background_color=&#8220;rgba(152,132,107,0.08)&#8220; hover_enabled=&#8220;0&#8243; sticky_enabled=&#8220;0&#8243;][et_pb_row _builder_version=&#8220;4.27.4&#8243; _module_preset=&#8220;default&#8220; column_structure=&#8220;2_3,1_3&#8243; theme_builder_area=&#8220;post_content&#8220; hover_enabled=&#8220;0&#8243; sticky_enabled=&#8220;0&#8243;][et_pb_column _builder_version=&#8220;4.27.4&#8243; _module_preset=&#8220;default&#8220; type=&#8220;2_3&#8243; theme_builder_area=&#8220;post_content&#8220;][et_pb_text _builder_version=&#8220;4.27.4&#8243; _module_preset=&#8220;default&#8220; theme_builder_area=&#8220;post_content&#8220; hover_enabled=&#8220;0&#8243; sticky_enabled=&#8220;0&#8243;]<\/p>\n<h2>Leitung &#8211; Susanne Klamm-Fiolka<\/h2>\n<blockquote>\n<p>\u201eWarum sollten wir alle unsere kreative Kraft nutzen\u2026?<br \/>Weil es nichts gibt, das Menschen so gro\u00dfz\u00fcgig, so froh, so lebendig, so mutig und so mitf\u00fchlend werden l\u00e4\u00dft und so gleichg\u00fcltig dem K\u00e4mpfen gegen\u00fcber und der Anh\u00e4ufung von G\u00fctern und Geld.\u201c<\/p>\n<\/blockquote>\n<p>Zitat von Brenda Ueland<\/p>\n<p><strong>DI\u00a0| 17.45-19.15 h | Allgemeine offene Gruppe<\/strong><\/p>\n<p>Der Kurs findet w\u00f6chentlich statt, ausgenommen sind Ferien und Feiertage in NRW. Einstieg jederzeit m\u00f6glich | Probestunde kostenlos Anf\u00e4nger willkommen<br \/>Kursgeb\u00fchr mtl. 45 \u20ac | Die Wirkung von Yoga erstreckt sich auf alle Ebenen des menschlichen Lebens: die k\u00f6rperliche, die mentale und die spirituelle. Yoga ist eine praktische Methode, durch die wir unserem Leben Richtung, Sinn und W\u00fcrde geben k\u00f6nnen.<\/p>\n<p>[\/et_pb_text][\/et_pb_column][et_pb_column _builder_version=&#8220;4.27.4&#8243; _module_preset=&#8220;default&#8220; type=&#8220;1_3&#8243; theme_builder_area=&#8220;post_content&#8220; background_color=&#8220;#FFFFFF&#8220; hover_enabled=&#8220;0&#8243; sticky_enabled=&#8220;0&#8243; box_shadow_style=&#8220;preset2&#8243; box_shadow_color=&#8220;rgba(0,0,0,0.12)&#8220;][et_pb_image src=&#8220;https:\/\/hofwerkstatt.de\/wp-content\/uploads\/2025\/03\/Susanne-Klamm-Fiolka-scaled-e1744738785921.jpg&#8220; title_text=&#8220;Susanne Klamm-Fiolka&#8220; _builder_version=&#8220;4.27.4&#8243; _module_preset=&#8220;default&#8220; global_colors_info=&#8220;{}&#8220; theme_builder_area=&#8220;post_content&#8220;][\/et_pb_image][et_pb_text _builder_version=&#8220;4.27.4&#8243; _module_preset=&#8220;default&#8220; hover_enabled=&#8220;0&#8243; global_colors_info=&#8220;{}&#8220; sticky_enabled=&#8220;0&#8243; theme_builder_area=&#8220;post_content&#8220; custom_padding=&#8220;0px|17px|20px|17px|false|true&#8220; header_5_line_height=&#8220;1.3em&#8220;]<\/p>\n<h5 >Kontakt zur Kursanfrage \u00fcber die Hofwerkstatt<\/h5>\n<p>Telefon 0049.201.749 22 88<br \/>\n<a href=\"mailto:mail@hofwerkstatt.de?subject=Anfrage%20-%20Yoga!\">mail@hofwerkstatt.de<\/a><br \/>\n<a href=\"https:\/\/hofwerkstatt.de\/wp-content\/uploads\/2025\/02\/Teilnahmebedingungen-Kurse-mit-Susanne-Klamm-Fiolka_2.pdf\" title=\"Teilnahmebedingungen f\u00fcr den Hofwerkstatt-Kurs Yoga\">Teilnahmebedingungen<\/a><\/p>\n<\/div>\n<\/div>\n<\/div>\n<\/div>\n<\/div>\n<\/div>\n<p>[\/et_pb_text][\/et_pb_column][\/et_pb_row][\/et_pb_section][et_pb_section fb_built=&#8220;1&#8243; admin_label=&#8220;section&#8220; _builder_version=&#8220;4.16&#8243; global_colors_info=&#8220;{}&#8220;][et_pb_row _builder_version=&#8220;4.27.4&#8243; _module_preset=&#8220;default&#8220; global_colors_info=&#8220;{}&#8220;][et_pb_column type=&#8220;4_4&#8243; _builder_version=&#8220;4.27.4&#8243; _module_preset=&#8220;default&#8220; global_colors_info=&#8220;{}&#8220;][et_pb_text _builder_version=&#8220;4.27.4&#8243; _module_preset=&#8220;default&#8220; header_2_font=&#8220;|300|||||||&#8220; header_3_font=&#8220;|300|||||||&#8220; header_3_line_height=&#8220;1.4em&#8220; global_colors_info=&#8220;{}&#8220;]<\/p>\n<h3>kommende Events &#8211; Yoga &#8211; Es ist deine Zeit!<\/h3>\n<p>[\/et_pb_text][\/et_pb_column][\/et_pb_row][et_pb_row _builder_version=&#8220;4.27.4&#8243; _module_preset=&#8220;default&#8220; global_colors_info=&#8220;{}&#8220;][et_pb_column type=&#8220;4_4&#8243; _builder_version=&#8220;4.27.4&#8243; _module_preset=&#8220;default&#8220; global_colors_info=&#8220;{}&#8220;][eventin_events etn_event_style=&#8220;event-1&#8243; etn_event_cat=&#8220;on|off|off|off|off|off&#8220; etn_event_tag=&#8220;off|on|off|off|off|off|off|on&#8220; filter_with_status=&#8220;upcoming&#8220; orderby=&#8220;etn_start_date&#8220; order=&#8220;ASC&#8220; _builder_version=&#8220;4.27.4&#8243; _module_preset=&#8220;default&#8220; global_colors_info=&#8220;{}&#8220;][\/eventin_events][\/et_pb_column][\/et_pb_row][\/et_pb_section]<\/p>\n","protected":false},"excerpt":{"rendered":"<p>Leitung &#8211; Susanne Klamm-Fiolka \u201eWarum sollten wir alle unsere kreative Kraft nutzen\u2026?Weil es nichts gibt, das Menschen so gro\u00dfz\u00fcgig, so froh, so lebendig, so mutig und so mitf\u00fchlend werden l\u00e4\u00dft und so gleichg\u00fcltig dem K\u00e4mpfen gegen\u00fcber und der Anh\u00e4ufung von G\u00fctern und Geld.\u201c Zitat von Brenda Ueland DI\u00a0| 17.45-19.15 h | Allgemeine offene Gruppe Der [&hellip;]<\/p>\n","protected":false},"author":1,"featured_media":0,"parent":106440,"menu_order":0,"comment_status":"closed","ping_status":"closed","template":"","meta":{"_seopress_robots_primary_cat":"","_seopress_titles_title":"","_seopress_titles_desc":"","_seopress_robots_index":"","_et_pb_use_builder":"on","_et_pb_old_content":"<h5>Susanne Klamm-Fiolka<\/h5>\r\n<blockquote class=\"zitat_fliesstext\">\"Warum sollten wir alle unsere kreative Kraft nutzen...?\r\nWeil es nichts gibt, das Menschen so gro\u00dfz\u00fcgig, so froh, so lebendig, so mutig und so mitf\u00fchlend werden l\u00e4\u00dft und so gleichg\u00fcltig dem K\u00e4mpfen gegen\u00fcber und der Anh\u00e4ufung von G\u00fctern und Geld.\"<\/blockquote>\r\nZitat von Brenda Ueland","_et_gb_content_width":"","footnotes":""},"class_list":["post-95","page","type-page","status-publish","hentry"],"_links":{"self":[{"href":"https:\/\/hofwerkstatt.de\/en\/wp-json\/wp\/v2\/pages\/95","targetHints":{"allow":["GET"]}}],"collection":[{"href":"https:\/\/hofwerkstatt.de\/en\/wp-json\/wp\/v2\/pages"}],"about":[{"href":"https:\/\/hofwerkstatt.de\/en\/wp-json\/wp\/v2\/types\/page"}],"author":[{"embeddable":true,"href":"https:\/\/hofwerkstatt.de\/en\/wp-json\/wp\/v2\/users\/1"}],"replies":[{"embeddable":true,"href":"https:\/\/hofwerkstatt.de\/en\/wp-json\/wp\/v2\/comments?post=95"}],"version-history":[{"count":0,"href":"https:\/\/hofwerkstatt.de\/en\/wp-json\/wp\/v2\/pages\/95\/revisions"}],"up":[{"embeddable":true,"href":"https:\/\/hofwerkstatt.de\/en\/wp-json\/wp\/v2\/pages\/106440"}],"wp:attachment":[{"href":"https:\/\/hofwerkstatt.de\/en\/wp-json\/wp\/v2\/media?parent=95"}],"curies":[{"name":"wp","href":"https:\/\/api.w.org\/{rel}","templated":true}]}}