{"id":77,"date":"2025-02-12T16:27:03","date_gmt":"2025-02-12T15:27:03","guid":{"rendered":"http:\/\/wordpress.hofwerkstatt.de\/?page_id=77"},"modified":"2026-01-12T12:47:50","modified_gmt":"2026-01-12T11:47:50","slug":"programme","status":"publish","type":"page","link":"https:\/\/hofwerkstatt.de\/en\/programme\/","title":{"rendered":"Programme"},"content":{"rendered":"<p>[et_pb_section fb_built=&#8220;1&#8243; _builder_version=&#8220;4.27.4&#8243; _module_preset=&#8220;default&#8220; background_enable_color=&#8220;off&#8220; background_image=&#8220;https:\/\/hofwerkstatt.de\/wp-content\/uploads\/2025\/04\/Haiku-scaled.jpeg&#8220; background_position=&#8220;bottom_center&#8220; background_vertical_offset=&#8220;47%&#8220; custom_padding=&#8220;101px||108px|||&#8220; saved_tabs=&#8220;all&#8220; global_colors_info=&#8220;{}&#8220;][et_pb_row _builder_version=&#8220;4.16&#8243; _module_preset=&#8220;default&#8220; global_colors_info=&#8220;{}&#8220;][et_pb_column type=&#8220;4_4&#8243; _builder_version=&#8220;4.16&#8243; _module_preset=&#8220;default&#8220; global_colors_info=&#8220;{}&#8220;][et_pb_post_title meta=&#8220;off&#8220; featured_image=&#8220;off&#8220; _builder_version=&#8220;4.27.4&#8243; _module_preset=&#8220;default&#8220; title_font=&#8220;&#8211;et_global_heading_font|300|||||||&#8220; title_text_color=&#8220;#FFFFFF&#8220; title_font_size=&#8220;60px&#8220; title_line_height=&#8220;1.2em&#8220; meta_text_color=&#8220;#FFFFFF&#8220; title_font_size_tablet=&#8220;49px&#8220; title_font_size_phone=&#8220;26px&#8220; title_font_size_last_edited=&#8220;on|tablet&#8220; title_text_shadow_style=&#8220;preset2&#8243; global_colors_info=&#8220;{}&#8220;][\/et_pb_post_title][et_pb_dmb_breadcrumbs font_icon=&#8220;&#x39;||divi||400&#8243; use_home_icon=&#8220;off&#8220; use_home_text=&#8220;on&#8220; home_text=&#8220;zur Startseite&#8220; _builder_version=&#8220;4.16&#8243; _module_preset=&#8220;default&#8220; body_text_color=&#8220;#FFFFFF&#8220; body_font_size=&#8220;13px&#8220; separator_text_color=&#8220;#FFFFFF&#8220; link_text_color=&#8220;#FFFFFF&#8220; linkhover_text_color=&#8220;#0C71C3&#8243; body_font_size_tablet=&#8220;11px&#8220; body_font_size_phone=&#8220;&#8220; body_font_size_last_edited=&#8220;on|phone&#8220; global_colors_info=&#8220;{}&#8220;][\/et_pb_dmb_breadcrumbs][\/et_pb_column][\/et_pb_row][\/et_pb_section][et_pb_section fb_built=&#8220;1&#8243; admin_label=&#8220;section&#8220; _builder_version=&#8220;4.16&#8243; global_colors_info=&#8220;{}&#8220;][et_pb_row admin_label=&#8220;row&#8220; _builder_version=&#8220;4.16&#8243; background_size=&#8220;initial&#8220; background_position=&#8220;top_left&#8220; background_repeat=&#8220;repeat&#8220; global_colors_info=&#8220;{}&#8220;][et_pb_column type=&#8220;4_4&#8243; _builder_version=&#8220;4.16&#8243; custom_padding=&#8220;|||&#8220; global_colors_info=&#8220;{}&#8220; custom_padding__hover=&#8220;|||&#8220;][et_pb_text admin_label=&#8220;Text&#8220; _builder_version=&#8220;4.27.4&#8243; background_size=&#8220;initial&#8220; background_position=&#8220;top_left&#8220; background_repeat=&#8220;repeat&#8220; global_colors_info=&#8220;{}&#8220;]<\/p>\n<h2>Hofwerkstatt<\/h2>\n<h3>Liebe Interessenten und Interessentinnen<\/h3>\n<p>Ist es nicht menschlich, dass wir die Sicherheit suchen? Und doch ist sie zugleich das Gef\u00e4ngnis: ohne den Punkt der Unsicherheit geschieht nichts wirklich Neues. Das Neue wird geboren aus dem Mut, sich dem Ungewissen \u00fcberlassen zu k\u00f6nnen. Picasso beschreibt es so:<\/p>\n<blockquote class=\"contentLinksRotFett zitat_fliesstext\" cite=\"https:\/\/www.gabriele-musebrink.de\/\">\n<p>&#8222;Finden, das ist das v\u00f6llig Neue! Das Neue auch in der Bewegung. Alle Wege sind offen, und was gefunden wird, ist unbekannt. Es ist ein heiliges Abenteuer! Die Ungewissheit solcher Wagnisse k\u00f6nnen eigentlich nur jene auf sich nehmen, die sich im Ungeborgenem geborgen wissen &#8230;&#8220;<\/p>\n<\/blockquote>\n<p>In diesem Sinne: Ich w\u00fcnsche uns allen die Bereitschaft mit dem gehen zu k\u00f6nnen, was uns das Leben pr\u00e4sentiert.<\/p>\n<p>Ihre Gabriele Musebrink, Hofwerkstatt Inhaberin<\/p>\n<p>[\/et_pb_text][\/et_pb_column][\/et_pb_row][et_pb_row _builder_version=&#8220;4.27.4&#8243; _module_preset=&#8220;default&#8220; global_colors_info=&#8220;{}&#8220;][et_pb_column type=&#8220;4_4&#8243; _builder_version=&#8220;4.27.4&#8243; _module_preset=&#8220;default&#8220; global_colors_info=&#8220;{}&#8220;][et_pb_text _builder_version=&#8220;4.27.4&#8243; _module_preset=&#8220;default&#8220; global_colors_info=&#8220;{}&#8220;]<\/p>\n<h2>Gesamtprogramm<\/h2>\n<p>[\/et_pb_text][eventin_events etn_event_cat=&#8220;on|on|on|on|on|on&#8220; etn_event_tag=&#8220;on|on|on|on|on|off|on|on|on|on|on|on|on|on|on|on|off|on&#8220; etn_event_count=&#8220;200&#8243; etn_event_col=&#8220;2&#8243; filter_with_status=&#8220;upcoming&#8220; orderby=&#8220;etn_start_date&#8220; order=&#8220;ASC&#8220; _builder_version=&#8220;4.27.5&#8243; _module_preset=&#8220;default&#8220; hover_enabled=&#8220;0&#8243; global_colors_info=&#8220;{}&#8220; sticky_enabled=&#8220;0&#8243;][\/eventin_events][\/et_pb_column][\/et_pb_row][\/et_pb_section]<\/p>\n","protected":false},"excerpt":{"rendered":"<p>Hofwerkstatt Liebe Interessenten und Interessentinnen Ist es nicht menschlich, dass wir die Sicherheit suchen? Und doch ist sie zugleich das Gef\u00e4ngnis: ohne den Punkt der Unsicherheit geschieht nichts wirklich Neues. Das Neue wird geboren aus dem Mut, sich dem Ungewissen \u00fcberlassen zu k\u00f6nnen. Picasso beschreibt es so: &#8222;Finden, das ist das v\u00f6llig Neue! Das Neue [&hellip;]<\/p>\n","protected":false},"author":1,"featured_media":0,"parent":0,"menu_order":0,"comment_status":"closed","ping_status":"closed","template":"","meta":{"_seopress_robots_primary_cat":"","_seopress_titles_title":"","_seopress_titles_desc":"","_seopress_robots_index":"","_et_pb_use_builder":"on","_et_pb_old_content":"<h2>Hofwerkstatt<\/h2>\r\n<h3>Liebe Interessenten und Interessentinnen<\/h3>\r\nIst es nicht menschlich, dass wir die Sicherheit suchen? Und doch ist sie zugleich das Gef\u00e4ngnis: ohne den Punkt der Unsicherheit geschieht nichts wirklich Neues. Das Neue wird geboren aus dem Mut, sich dem Ungewissen \u00fcberlassen zu k\u00f6nnen. Picasso beschreibt es so:\r\n<blockquote class=\"contentLinksRotFett zitat_fliesstext\" cite=\"https:\/\/www.gabriele-musebrink.de\/\">\"Finden, das ist das v\u00f6llig Neue! Das Neue auch in der Bewegung. Alle Wege sind offen, und was gefunden wird, ist unbekannt. Es ist ein heiliges Abenteuer! Die Ungewissheit solcher Wagnisse k\u00f6nnen eigentlich nur jene auf sich nehmen, die sich im Ungeborgenem geborgen wissen ...\"<\/blockquote>\r\nIn diesem Sinne: Ich w\u00fcnsche uns allen die Bereitschaft mit dem gehen zu k\u00f6nnen, was uns das Leben pr\u00e4sentiert.\r\n\r\nIhre Gabriele Musebrink, Hofwerkstatt Inhaberin","_et_gb_content_width":"","footnotes":""},"class_list":["post-77","page","type-page","status-publish","hentry"],"_links":{"self":[{"href":"https:\/\/hofwerkstatt.de\/en\/wp-json\/wp\/v2\/pages\/77","targetHints":{"allow":["GET"]}}],"collection":[{"href":"https:\/\/hofwerkstatt.de\/en\/wp-json\/wp\/v2\/pages"}],"about":[{"href":"https:\/\/hofwerkstatt.de\/en\/wp-json\/wp\/v2\/types\/page"}],"author":[{"embeddable":true,"href":"https:\/\/hofwerkstatt.de\/en\/wp-json\/wp\/v2\/users\/1"}],"replies":[{"embeddable":true,"href":"https:\/\/hofwerkstatt.de\/en\/wp-json\/wp\/v2\/comments?post=77"}],"version-history":[{"count":8,"href":"https:\/\/hofwerkstatt.de\/en\/wp-json\/wp\/v2\/pages\/77\/revisions"}],"predecessor-version":[{"id":108036,"href":"https:\/\/hofwerkstatt.de\/en\/wp-json\/wp\/v2\/pages\/77\/revisions\/108036"}],"wp:attachment":[{"href":"https:\/\/hofwerkstatt.de\/en\/wp-json\/wp\/v2\/media?parent=77"}],"curies":[{"name":"wp","href":"https:\/\/api.w.org\/{rel}","templated":true}]}}