{"id":142,"date":"2025-02-12T17:10:29","date_gmt":"2025-02-12T16:10:29","guid":{"rendered":"http:\/\/wordpress.hofwerkstatt.de\/?page_id=142"},"modified":"2025-03-31T14:17:49","modified_gmt":"2025-03-31T12:17:49","slug":"kontakt","status":"publish","type":"page","link":"https:\/\/hofwerkstatt.de\/en\/kontakt\/","title":{"rendered":"Kontakt"},"content":{"rendered":"<p>[et_pb_section fb_built=&#8220;1&#8243; admin_label=&#8220;section&#8220; _builder_version=&#8220;4.27.4&#8243; background_image=&#8220;https:\/\/hofwerkstatt.de\/wp-content\/uploads\/2025\/02\/HWST.Eingang5.2011-scaled.jpg&#8220; hover_enabled=&#8220;0&#8243; global_colors_info=&#8220;{}&#8220; parallax=&#8220;on&#8220; sticky_enabled=&#8220;0&#8243;][et_pb_row column_structure=&#8220;2_3,1_3&#8243; admin_label=&#8220;row&#8220; _builder_version=&#8220;4.27.4&#8243; background_color=&#8220;rgba(255,255,255,0.97)&#8220; background_size=&#8220;initial&#8220; background_position=&#8220;top_left&#8220; background_repeat=&#8220;repeat&#8220; custom_padding=&#8220;76px|49px|45px|49px|false|true&#8220; box_shadow_style=&#8220;preset1&#8243; global_colors_info=&#8220;{}&#8220;][et_pb_column type=&#8220;2_3&#8243; _builder_version=&#8220;4.16&#8243; custom_padding=&#8220;|||&#8220; global_colors_info=&#8220;{}&#8220; custom_padding__hover=&#8220;|||&#8220;][et_pb_contact_form email=&#8220;mail@hofwerkstatt.de&#8220; title=&#8220;Kontaktformular Hofwerkstatt Essen&#8220; custom_message=&#8220;Name:  %%Name%%||et_pb_line_break_holder||||et_pb_line_break_holder||Email:  %%Email%%||et_pb_line_break_holder||||et_pb_line_break_holder||Betreff: %%Betreff%%||et_pb_line_break_holder||||et_pb_line_break_holder||Nachricht:  %%Message%%||et_pb_line_break_holder||||et_pb_line_break_holder||Datenschutzzustimmung von %%Name%%:  %%Datenschutz%%&#8220; success_message=&#8220;Ihre Nachricht wurde erfolgreich versendet.&#8220; submit_button_text=&#8220;senden&#8220; _builder_version=&#8220;4.27.4&#8243; _module_preset=&#8220;default&#8220; _unique_id=&#8220;09ba11c7-5b8f-46d7-a632-32ccb98823d2&#8243; custom_css_free_form=&#8220;\/* Hide the Submit button before consent *\/||.et_pb_contact_submit.et_pb_button {||\tdisplay: none;||}||||\/* Display the Submit button if Marketing or ReCaptcha consent was obtained *\/||.cmplz-google-recaptcha .et_pb_contact_submit.et_pb_button, .cmplz-marketing .et_pb_contact_submit.et_pb_button {||\tdisplay: block!important;||}||||\/* Hide the recaptcha consent placeholder when consent is obtained *\/||.cmplz-marketing .cmplz-blocked-content-container.cmplz-blocked-content-notice, ||.cmplz-google-recaptcha .cmplz-blocked-content-container.cmplz-blocked-content-notice {||\tdisplay: none;||}&#8220; custom_css_contact_button=&#8220;\/* Hide the Submit button before consent *\/||.et_pb_contact_submit.et_pb_button {||\tdisplay: none;||}||\/* Display the Submit button if Marketing or ReCaptcha consent was obtained *\/||.cmplz-google-recaptcha .et_pb_contact_submit.et_pb_button, .cmplz-marketing .et_pb_contact_submit.et_pb_button {||\tdisplay: block!important;||}||||\/* Hide the recaptcha consent placeholder when consent is obtained *\/||.cmplz-marketing .cmplz-blocked-content-container.cmplz-blocked-content-notice, ||.cmplz-google-recaptcha .cmplz-blocked-content-container.cmplz-blocked-content-notice {||\tdisplay: none;||}||&#8220; global_colors_info=&#8220;{}&#8220; button_bg_color__hover_enabled=&#8220;on|hover&#8220; button_bg_color__hover=&#8220;#BB9451&#8243; button_bg_enable_color__hover=&#8220;on&#8220; button_text_color__hover_enabled=&#8220;on|hover&#8220; button_text_color__hover=&#8220;#FFFFFF&#8220;][et_pb_contact_field field_id=&#8220;Name&#8220; field_title=&#8220;Name&#8220; allowed_symbols=&#8220;letters&#8220; _builder_version=&#8220;4.24.2&#8243; _module_preset=&#8220;default&#8220; global_colors_info=&#8220;{}&#8220; button_text_size__hover_enabled=&#8220;off&#8220; button_one_text_size__hover_enabled=&#8220;off&#8220; button_two_text_size__hover_enabled=&#8220;off&#8220; button_text_color__hover_enabled=&#8220;off&#8220; button_one_text_color__hover_enabled=&#8220;off&#8220; button_two_text_color__hover_enabled=&#8220;off&#8220; button_border_width__hover_enabled=&#8220;off&#8220; button_one_border_width__hover_enabled=&#8220;off&#8220; button_two_border_width__hover_enabled=&#8220;off&#8220; button_border_color__hover_enabled=&#8220;off&#8220; button_one_border_color__hover_enabled=&#8220;off&#8220; button_two_border_color__hover_enabled=&#8220;off&#8220; button_border_radius__hover_enabled=&#8220;off&#8220; button_one_border_radius__hover_enabled=&#8220;off&#8220; button_two_border_radius__hover_enabled=&#8220;off&#8220; button_letter_spacing__hover_enabled=&#8220;off&#8220; button_one_letter_spacing__hover_enabled=&#8220;off&#8220; button_two_letter_spacing__hover_enabled=&#8220;off&#8220; button_bg_color__hover_enabled=&#8220;off&#8220; button_one_bg_color__hover_enabled=&#8220;off&#8220; button_two_bg_color__hover_enabled=&#8220;off&#8220;][\/et_pb_contact_field][et_pb_contact_field field_id=&#8220;Email&#8220; field_title=&#8220;Email&#8220; field_type=&#8220;email&#8220; _builder_version=&#8220;4.16&#8243; _module_preset=&#8220;default&#8220; global_colors_info=&#8220;{}&#8220; button_text_size__hover_enabled=&#8220;off&#8220; button_one_text_size__hover_enabled=&#8220;off&#8220; button_two_text_size__hover_enabled=&#8220;off&#8220; button_text_color__hover_enabled=&#8220;off&#8220; button_one_text_color__hover_enabled=&#8220;off&#8220; button_two_text_color__hover_enabled=&#8220;off&#8220; button_border_width__hover_enabled=&#8220;off&#8220; button_one_border_width__hover_enabled=&#8220;off&#8220; button_two_border_width__hover_enabled=&#8220;off&#8220; button_border_color__hover_enabled=&#8220;off&#8220; button_one_border_color__hover_enabled=&#8220;off&#8220; button_two_border_color__hover_enabled=&#8220;off&#8220; button_border_radius__hover_enabled=&#8220;off&#8220; button_one_border_radius__hover_enabled=&#8220;off&#8220; button_two_border_radius__hover_enabled=&#8220;off&#8220; button_letter_spacing__hover_enabled=&#8220;off&#8220; button_one_letter_spacing__hover_enabled=&#8220;off&#8220; button_two_letter_spacing__hover_enabled=&#8220;off&#8220; button_bg_color__hover_enabled=&#8220;off&#8220; button_one_bg_color__hover_enabled=&#8220;off&#8220; button_two_bg_color__hover_enabled=&#8220;off&#8220;][\/et_pb_contact_field][et_pb_contact_field field_id=&#8220;Betreff&#8220; field_title=&#8220;Betreff&#8220; fullwidth_field=&#8220;on&#8220; _builder_version=&#8220;4.24.2&#8243; _module_preset=&#8220;default&#8220; global_colors_info=&#8220;{}&#8220;][\/et_pb_contact_field][et_pb_contact_field field_id=&#8220;Message&#8220; field_title=&#8220;Nachricht&#8220; field_type=&#8220;text&#8220; fullwidth_field=&#8220;on&#8220; _builder_version=&#8220;4.24.2&#8243; _module_preset=&#8220;default&#8220; global_colors_info=&#8220;{}&#8220; button_text_size__hover_enabled=&#8220;off&#8220; button_one_text_size__hover_enabled=&#8220;off&#8220; button_two_text_size__hover_enabled=&#8220;off&#8220; button_text_color__hover_enabled=&#8220;off&#8220; button_one_text_color__hover_enabled=&#8220;off&#8220; button_two_text_color__hover_enabled=&#8220;off&#8220; button_border_width__hover_enabled=&#8220;off&#8220; button_one_border_width__hover_enabled=&#8220;off&#8220; button_two_border_width__hover_enabled=&#8220;off&#8220; button_border_color__hover_enabled=&#8220;off&#8220; button_one_border_color__hover_enabled=&#8220;off&#8220; button_two_border_color__hover_enabled=&#8220;off&#8220; button_border_radius__hover_enabled=&#8220;off&#8220; button_one_border_radius__hover_enabled=&#8220;off&#8220; button_two_border_radius__hover_enabled=&#8220;off&#8220; button_letter_spacing__hover_enabled=&#8220;off&#8220; button_one_letter_spacing__hover_enabled=&#8220;off&#8220; button_two_letter_spacing__hover_enabled=&#8220;off&#8220; button_bg_color__hover_enabled=&#8220;off&#8220; button_one_bg_color__hover_enabled=&#8220;off&#8220; button_two_bg_color__hover_enabled=&#8220;off&#8220;][\/et_pb_contact_field][et_pb_contact_field field_id=&#8220;Datenschutz&#8220; field_title=&#8220;Datenschutz&#8220; field_type=&#8220;checkbox&#8220; checkbox_options=&#8220;%91{%22value%22:%22Ich stimme zu, dass meine Angaben aus dem Kontaktformular zur Beantwortung meiner Anfrage und f\u00fcr R\u00fcckfragen dauerhaft gespeichert werden. Hinweis: Sie k\u00f6nnen Ihre Einwilligung jederzeit f\u00fcr die Zukunft per E-Mail an mail@hofwerkstatt.de widerrufen. Detaillierte Informationen zum Umgang mit Nutzerdaten finden Sie in meiner Datenschutzerkl\u00e4rung. Siehe Link  %22,%22checked%22:0,%22dragID%22:-1,%22link_url%22:%22https:\/\/hofwerkstatt.de\/datenschutzerklaerung\/%22,%22link_text%22:%22%22}%93&#8243; fullwidth_field=&#8220;on&#8220; _builder_version=&#8220;4.27.4&#8243; _module_preset=&#8220;default&#8220; form_field_font=&#8220;|300|||||||&#8220; global_colors_info=&#8220;{}&#8220;][\/et_pb_contact_field][\/et_pb_contact_form][\/et_pb_column][et_pb_column type=&#8220;1_3&#8243; _builder_version=&#8220;4.16&#8243; custom_padding=&#8220;|||&#8220; global_colors_info=&#8220;{}&#8220; custom_padding__hover=&#8220;|||&#8220;][et_pb_image src=&#8220;https:\/\/hofwerkstatt.de\/wp-content\/uploads\/2025\/03\/KerstinLangeKontakt2.jpg&#8220; title_text=&#8220;Kerstin Lange &#8211; B\u00fcro&#8220; align=&#8220;right&#8220; _builder_version=&#8220;4.27.4&#8243; _module_preset=&#8220;default&#8220; global_colors_info=&#8220;{}&#8220;][\/et_pb_image][et_pb_text admin_label=&#8220;Text&#8220; _builder_version=&#8220;4.27.4&#8243; background_size=&#8220;initial&#8220; background_position=&#8220;top_left&#8220; background_repeat=&#8220;repeat&#8220; global_colors_info=&#8220;{}&#8220;]<\/p>\n<h3 style=\"text-align: right;\">Hofwerkstatt Essen<\/h3>\n<p style=\"text-align: right;\">Inhaberin Gabriele Musebrink<br \/>Sibyllastr. 15 | 45136 Essen | N\u00e4he S-Bf. S\u00fcd<\/p>\n<p style=\"text-align: right;\"><a class=\"GoogleMaps Pfeil_Links\" title=\"Anfahrt: Hofwerkstatt, Sibyllastra\u00dfe 15, 45136 Essen, Deutschland\" href=\"https:\/\/www.google.com\/maps\/embed?pb=!1m14!1m8!1m3!1d19896.672528924184!2d7.02476!3d51.43825!3m2!1i1024!2i768!4f13.1!3m3!1m2!1s0x47b8dd2eed8f4d95%3A0x3f7d722a0b8ed4e!2sSibyllastra%C3%9Fe+15!5e0!3m2!1sde!2sus!4v1402421058821\">Anfahrt mit GoogleMaps<\/a><\/p>\n<p style=\"text-align: right;\"><span class=\"Telefon_Links\">0049. (0)201. 26 57 67<\/span><br \/><span class=\"Datei_Links\">0049. (0)201. 26 83 35<\/span><br \/><span class=\"Brief_Links\"><a href=\"mailto:mail@hofwerkstatt.de\">mail@hofwerkstatt.de<\/a><\/span><\/p>\n<p style=\"text-align: right;\"><strong>B\u00fcro Kerstin Lange &#8211; Sprechzeiten<\/strong><br \/>Mi 10-12 h | Do 12-15\u00a0h<\/p>\n<p>[\/et_pb_text][\/et_pb_column][\/et_pb_row][\/et_pb_section]<\/p>\n","protected":false},"excerpt":{"rendered":"<p>Hofwerkstatt Essen Inhaberin Gabriele MusebrinkSibyllastr. 15 | 45136 Essen | N\u00e4he S-Bf. S\u00fcd Anfahrt mit GoogleMaps 0049. (0)201. 26 57 670049. (0)201. 26 83 35mail@hofwerkstatt.de B\u00fcro Kerstin Lange &#8211; SprechzeitenMi 10-12 h | Do 12-15\u00a0h<\/p>","protected":false},"author":1,"featured_media":0,"parent":0,"menu_order":0,"comment_status":"closed","ping_status":"closed","template":"","meta":{"_seopress_robots_primary_cat":"","_seopress_titles_title":"","_seopress_titles_desc":"","_seopress_robots_index":"","_et_pb_use_builder":"on","_et_pb_old_content":"<h3>Hofwerkstatt<\/h3>\r\nInhaberin Gabriele Musebrink\r\nSibyllastr. 15 | 45136 Essen | N\u00e4he S-Bf. S\u00fcd\r\n\r\n<a class=\"GoogleMaps Pfeil_Links\" title=\"Anfahrt: Hofwerkstatt, Sibyllastra\u00dfe 15, 45136 Essen, Deutschland\" href=\"https:\/\/www.google.com\/maps\/embed?pb=!1m14!1m8!1m3!1d19896.672528924184!2d7.02476!3d51.43825!3m2!1i1024!2i768!4f13.1!3m3!1m2!1s0x47b8dd2eed8f4d95%3A0x3f7d722a0b8ed4e!2sSibyllastra%C3%9Fe+15!5e0!3m2!1sde!2sus!4v1402421058821\">Anfahrt mit GoogleMaps<\/a>\r\n\r\n<span class=\"Telefon_Links\">0049. (0)201. 26 57 67<\/span>\r\n<span class=\"Datei_Links\">0049. (0)201. 26 83 35<\/span>\r\n<span class=\"Brief_Links\"><a href=\"mailto:mail@hofwerkstatt.de\">mail@hofwerkstatt.de<\/a><\/span>\r\n\r\nB\u00fcro Kerstin Lange - Sprechzeiten\r\n<span class=\"contentLinksBraun\">DI<\/span>\u00a0\u00a012-15 h |\u00a0<span class=\"contentLinksBraun\">MI<\/span>\u00a0\u00a010-12 h","_et_gb_content_width":"","footnotes":""},"class_list":["post-142","page","type-page","status-publish","hentry"],"_links":{"self":[{"href":"https:\/\/hofwerkstatt.de\/en\/wp-json\/wp\/v2\/pages\/142","targetHints":{"allow":["GET"]}}],"collection":[{"href":"https:\/\/hofwerkstatt.de\/en\/wp-json\/wp\/v2\/pages"}],"about":[{"href":"https:\/\/hofwerkstatt.de\/en\/wp-json\/wp\/v2\/types\/page"}],"author":[{"embeddable":true,"href":"https:\/\/hofwerkstatt.de\/en\/wp-json\/wp\/v2\/users\/1"}],"replies":[{"embeddable":true,"href":"https:\/\/hofwerkstatt.de\/en\/wp-json\/wp\/v2\/comments?post=142"}],"version-history":[{"count":0,"href":"https:\/\/hofwerkstatt.de\/en\/wp-json\/wp\/v2\/pages\/142\/revisions"}],"wp:attachment":[{"href":"https:\/\/hofwerkstatt.de\/en\/wp-json\/wp\/v2\/media?parent=142"}],"curies":[{"name":"wp","href":"https:\/\/api.w.org\/{rel}","templated":true}]}}