{"id":127,"date":"2025-02-12T17:04:07","date_gmt":"2025-02-12T16:04:07","guid":{"rendered":"http:\/\/wordpress.hofwerkstatt.de\/?page_id=127"},"modified":"2025-04-21T21:41:17","modified_gmt":"2025-04-21T19:41:17","slug":"vermietung","status":"publish","type":"page","link":"https:\/\/hofwerkstatt.de\/en\/hintergrund\/vermietung\/","title":{"rendered":"Vermietung"},"content":{"rendered":"<p>[et_pb_section fb_built=&#8220;1&#8243; _builder_version=&#8220;4.27.4&#8243; _module_preset=&#8220;default&#8220; background_enable_color=&#8220;off&#8220; background_image=&#8220;https:\/\/hofwerkstatt.de\/wp-content\/uploads\/2025\/02\/IMG_5970-scaled.jpeg&#8220; background_position=&#8220;bottom_center&#8220; background_vertical_offset=&#8220;50%&#8220; custom_padding=&#8220;101px||108px|||&#8220; saved_tabs=&#8220;all&#8220; global_colors_info=&#8220;{}&#8220;][et_pb_row _builder_version=&#8220;4.16&#8243; _module_preset=&#8220;default&#8220; global_colors_info=&#8220;{}&#8220;][et_pb_column type=&#8220;4_4&#8243; _builder_version=&#8220;4.16&#8243; _module_preset=&#8220;default&#8220; global_colors_info=&#8220;{}&#8220;][et_pb_post_title meta=&#8220;off&#8220; featured_image=&#8220;off&#8220; _builder_version=&#8220;4.27.4&#8243; _module_preset=&#8220;default&#8220; title_font=&#8220;&#8211;et_global_heading_font|300|||||||&#8220; title_text_color=&#8220;#FFFFFF&#8220; title_font_size=&#8220;60px&#8220; title_line_height=&#8220;1.2em&#8220; meta_text_color=&#8220;#FFFFFF&#8220; title_font_size_tablet=&#8220;49px&#8220; title_font_size_phone=&#8220;26px&#8220; title_font_size_last_edited=&#8220;on|tablet&#8220; title_text_shadow_style=&#8220;preset2&#8243; global_colors_info=&#8220;{}&#8220;][\/et_pb_post_title][et_pb_dmb_breadcrumbs font_icon=&#8220;&#x39;||divi||400&#8243; use_home_icon=&#8220;off&#8220; use_home_text=&#8220;on&#8220; home_text=&#8220;zur Startseite&#8220; _builder_version=&#8220;4.16&#8243; _module_preset=&#8220;default&#8220; body_text_color=&#8220;#FFFFFF&#8220; body_font_size=&#8220;13px&#8220; separator_text_color=&#8220;#FFFFFF&#8220; link_text_color=&#8220;#FFFFFF&#8220; linkhover_text_color=&#8220;#0C71C3&#8243; body_font_size_tablet=&#8220;11px&#8220; body_font_size_phone=&#8220;&#8220; body_font_size_last_edited=&#8220;on|phone&#8220; global_colors_info=&#8220;{}&#8220;][\/et_pb_dmb_breadcrumbs][\/et_pb_column][\/et_pb_row][\/et_pb_section][et_pb_section fb_built=&#8220;1&#8243; admin_label=&#8220;section&#8220; _builder_version=&#8220;4.16&#8243; global_colors_info=&#8220;{}&#8220;][et_pb_row column_structure=&#8220;1_4,3_4&#8243; admin_label=&#8220;row&#8220; _builder_version=&#8220;4.16&#8243; background_size=&#8220;initial&#8220; background_position=&#8220;top_left&#8220; background_repeat=&#8220;repeat&#8220; global_colors_info=&#8220;{}&#8220;][et_pb_column type=&#8220;1_4&#8243; _builder_version=&#8220;4.16&#8243; custom_padding=&#8220;|||&#8220; global_colors_info=&#8220;{}&#8220; custom_padding__hover=&#8220;|||&#8220;][et_pb_image src=&#8220;https:\/\/hofwerkstatt.de\/wp-content\/uploads\/2025\/02\/HelgaWachter3.jpg&#8220; title_text=&#8220;HelgaWachter3&#8243; _builder_version=&#8220;4.27.4&#8243; _module_preset=&#8220;default&#8220; global_colors_info=&#8220;{}&#8220;][\/et_pb_image][\/et_pb_column][et_pb_column type=&#8220;3_4&#8243; _builder_version=&#8220;4.16&#8243; custom_padding=&#8220;|||&#8220; global_colors_info=&#8220;{}&#8220; custom_padding__hover=&#8220;|||&#8220;][et_pb_text admin_label=&#8220;Text&#8220; _builder_version=&#8220;4.16&#8243; background_size=&#8220;initial&#8220; background_position=&#8220;top_left&#8220; background_repeat=&#8220;repeat&#8220; global_colors_info=&#8220;{}&#8220;]<\/p>\n<h3>Atelier Helga Wachter<\/h3>\n<p>Landschaft, Weite, Raum, Zeit- Gedankenzeit, Seelenlandschaft, Intuition, Farbe, Musik, Spuren, Struktur, Farbfelder und freie Form\u2026.alles ist gelebte Zeit und neue Bilder entstehen.<\/p>\n<p>Kontakt:\u00a0<a href=\"https:\/\/www.hofwerkstatt.de\/Hintergrund\/http\/\/:www.helgawachter.de\" target=\"_blank\" rel=\"noopener\">www.helgawachter.de<\/a>[\/et_pb_text][\/et_pb_column][\/et_pb_row][et_pb_row column_structure=&#8220;1_4,3_4&#8243; admin_label=&#8220;row&#8220; _builder_version=&#8220;4.27.4&#8243; background_size=&#8220;initial&#8220; background_position=&#8220;top_left&#8220; background_repeat=&#8220;repeat&#8220; hover_enabled=&#8220;0&#8243; global_colors_info=&#8220;{}&#8220; disabled_on=&#8220;on|on|on&#8220; disabled=&#8220;on&#8220; sticky_enabled=&#8220;0&#8243;][et_pb_column type=&#8220;1_4&#8243; _builder_version=&#8220;4.16&#8243; custom_padding=&#8220;|||&#8220; global_colors_info=&#8220;{}&#8220; custom_padding__hover=&#8220;|||&#8220;][et_pb_image src=&#8220;https:\/\/hofwerkstatt.de\/wp-content\/uploads\/2025\/03\/GabrieleHunger.jpg&#8220; title_text=&#8220;GabrieleHunger&#8220; _builder_version=&#8220;4.27.4&#8243; _module_preset=&#8220;default&#8220; global_colors_info=&#8220;{}&#8220;][\/et_pb_image][\/et_pb_column][et_pb_column type=&#8220;3_4&#8243; _builder_version=&#8220;4.16&#8243; custom_padding=&#8220;|||&#8220; global_colors_info=&#8220;{}&#8220; custom_padding__hover=&#8220;|||&#8220;][et_pb_text _builder_version=&#8220;4.27.4&#8243; _module_preset=&#8220;default&#8220; global_colors_info=&#8220;{}&#8220;]<\/p>\n<h3>Atelier Elke Olmert-Pl\u00fcck<\/h3>\n<p>&#8230;.<\/p>\n<p>[\/et_pb_text][\/et_pb_column][\/et_pb_row][et_pb_row column_structure=&#8220;1_4,3_4&#8243; admin_label=&#8220;row&#8220; _builder_version=&#8220;4.16&#8243; background_size=&#8220;initial&#8220; background_position=&#8220;top_left&#8220; background_repeat=&#8220;repeat&#8220; global_colors_info=&#8220;{}&#8220;][et_pb_column type=&#8220;1_4&#8243; _builder_version=&#8220;4.16&#8243; custom_padding=&#8220;|||&#8220; global_colors_info=&#8220;{}&#8220; custom_padding__hover=&#8220;|||&#8220;][et_pb_image src=&#8220;https:\/\/hofwerkstatt.de\/wp-content\/uploads\/2025\/02\/IMG_9929-scaled.jpeg&#8220; title_text=&#8220;IMG_9929&#8243; _builder_version=&#8220;4.27.4&#8243; _module_preset=&#8220;default&#8220; global_colors_info=&#8220;{}&#8220;][\/et_pb_image][et_pb_text _builder_version=&#8220;4.27.4&#8243; _module_preset=&#8220;default&#8220; global_colors_info=&#8220;{}&#8220;]<\/p>\n<h5 class=\"fliesstext_braun\">Bitte geben Sie an<\/h5>\n<ul class=\"Pfeil_Liste\">\n<li>Art der Veranstaltung<\/li>\n<li>Name des Lehrers<\/li>\n<li>Terminwunsch und Uhrzeit<\/li>\n<li>besondere W\u00fcnsche und Anspr\u00fcche<\/li>\n<\/ul>\n<p>[\/et_pb_text][\/et_pb_column][et_pb_column type=&#8220;3_4&#8243; _builder_version=&#8220;4.16&#8243; custom_padding=&#8220;|||&#8220; global_colors_info=&#8220;{}&#8220; custom_padding__hover=&#8220;|||&#8220;][et_pb_text _builder_version=&#8220;4.27.4&#8243; _module_preset=&#8220;default&#8220; global_colors_info=&#8220;{}&#8220;]<\/p>\n<h3>Anmietung-Studioraum<\/h3>\n<h5 class=\"fliesstext_braun\"><\/h5>\n<h5 class=\"fliesstext_braun\">Der Ort<\/h5>\n<p class=\"contentLinksWeiss\">Die Hofwerkstatt in Essen-S\u00fcd ist eine Schule der inneren Begegnung und des kreativen Ausdrucks, nur f\u00fcnf Minuten Fu\u00dfweg entfernt vom S-Bahnhof S\u00fcd. Die \u00e4sthetisch klaren R\u00e4ume, die sich auf 200 m\u00b2 erstrecken, k\u00f6nnen Sie als Ihre pers\u00f6nliche, meditative Insel im Alltag nutzen. Die R\u00e4ume liegen im begr\u00fcnten Innenhof der Sibyllastra\u00dfe 15 \u2013 im Erdgeschoss die R\u00e4ume f\u00fcr Ausstellungen, meditative und k\u00f6rperbezogene Arbeit und neben dem Atelier von Gabriele Musebrink. Im Hoch-souterrain befindet sich die Malwerkstatt.<\/p>\n<h5 class=\"fliesstext_braun\"><\/h5>\n<h5 class=\"fliesstext_braun\">Erdgeschoss<\/h5>\n<p class=\"contentLinksWeiss\">Auf 120 m\u00b2 erstreckt sich ein L-f\u00f6rmig angeordneter Bereich mit einer Entree-Situation mit dem B\u00fcro der Hofwerkstatt, einem gro\u00dfen Kursraum (ca. 70 m\u00b2) und einem Raum f\u00fcr Einzelsitzungen, Besprechungen und zum Aufenthalt (ca. 30 m\u00b2), einer kleinen K\u00fcche und einem WC. Der Holzfu\u00dfboden ist w\u00e4rmeged\u00e4mmt. Die zwei R\u00e4ume k\u00f6nnen auf zwei Arten beleuchtet werden, einmal mit ged\u00e4mpftem Licht und einmal der Tageslichtsituation durch Oberlichter bzw. Lampen, nachempfunden.<\/p>\n<h5 class=\"fliesstext_braun\"><\/h5>\n<h5 class=\"fliesstext_braun\">Hochsouterrain<\/h5>\n<p class=\"contentLinksWeiss\">Auf 80 m\u00b2 erstreckt sich ein Bereich, der sich eignet f\u00fcr k\u00fcnstlerische Aktivit\u00e4ten. Er ist aufgeteilt in einen Kursraum (ca. 60 m\u00b2) und einem Raum zum Sitzen, Drucken (Radierpresse), einer Kochzeile, einer Toilette und einem Bad (Dusche, WC). Die Radierpresse kann nach Absprache mit benutzt werden.<\/p>\n<h5 class=\"fliesstext_braun\"><\/h5>\n<h5 class=\"fliesstext_braun\">Die Miete<\/h5>\n<p class=\"contentLinksWeiss\">Die Miete ist stets eine Warmmiete, was hei\u00dft, dass die Kosten f\u00fcr Heizung, Strom und Reinigung mit enthalten sind. Die Preise werden bei uns ohne Mehrwertssteuer veranschlagt. Sie errechnen sich nach dem Bedarf an Zeit, die Sie in der Hofwerkstatt verbringen wollen. Je intensiver Sie die R\u00e4ume nutzen, umso preiswerter wird der Satz pro Stunde. Der h\u00f6chste Stundensatz liegt bei 27,- Euro\/Std.<\/p>\n<h5 class=\"fliesstext_braun\"><\/h5>\n<h5 class=\"fliesstext_braun\">Ausstattung und Kontakt<\/h5>\n<p class=\"contentLinksWeiss\">Manchmal ben\u00f6tigen Sie auch besondere Einrichtungen wie Teppiche, St\u00fchle, Meditationskissen und Matten. Fragen Sie nach. Wir k\u00f6nnen Ihnen einiges in unserer Einrichtung zur Verf\u00fcgung stellen. Haben Sie nun eine konkrete Anfrage, so nutzen Sie unsere direkte E-Mail Verbindung. Wir schicken Ihnen unsere genauen Bedingungen zu.<\/p>\n<p>[\/et_pb_text][\/et_pb_column][\/et_pb_row][\/et_pb_section]<\/p>\n","protected":false},"excerpt":{"rendered":"<p>Atelier Helga Wachter Landschaft, Weite, Raum, Zeit- Gedankenzeit, Seelenlandschaft, Intuition, Farbe, Musik, Spuren, Struktur, Farbfelder und freie Form\u2026.alles ist gelebte Zeit und neue Bilder entstehen. Kontakt:\u00a0www.helgawachter.deAtelier Elke Olmert-Pl\u00fcck &#8230;.Bitte geben Sie an Art der Veranstaltung Name des Lehrers Terminwunsch und Uhrzeit besondere W\u00fcnsche und Anspr\u00fcche Anmietung-Studioraum Der Ort Die Hofwerkstatt in Essen-S\u00fcd ist eine Schule [&hellip;]<\/p>\n","protected":false},"author":1,"featured_media":0,"parent":112,"menu_order":0,"comment_status":"closed","ping_status":"closed","template":"","meta":{"_seopress_robots_primary_cat":"","_seopress_titles_title":"","_seopress_titles_desc":"","_seopress_robots_index":"","_et_pb_use_builder":"on","_et_pb_old_content":"<h3>Atelier Helga Wachter<\/h3>\r\nLandschaft, Weite, Raum, Zeit- Gedankenzeit, Seelenlandschaft, Intuition, Farbe, Musik, Spuren, Struktur, Farbfelder und freie Form\u2026.alles ist gelebte Zeit und neue Bilder entstehen.\r\n\r\nKontakt:\u00a0<a href=\"https:\/\/www.hofwerkstatt.de\/Hintergrund\/http\/\/:www.helgawachter.de\" target=\"_blank\" rel=\"noopener\">www.helgawachter.de<\/a>","_et_gb_content_width":"","footnotes":""},"class_list":["post-127","page","type-page","status-publish","hentry"],"_links":{"self":[{"href":"https:\/\/hofwerkstatt.de\/en\/wp-json\/wp\/v2\/pages\/127","targetHints":{"allow":["GET"]}}],"collection":[{"href":"https:\/\/hofwerkstatt.de\/en\/wp-json\/wp\/v2\/pages"}],"about":[{"href":"https:\/\/hofwerkstatt.de\/en\/wp-json\/wp\/v2\/types\/page"}],"author":[{"embeddable":true,"href":"https:\/\/hofwerkstatt.de\/en\/wp-json\/wp\/v2\/users\/1"}],"replies":[{"embeddable":true,"href":"https:\/\/hofwerkstatt.de\/en\/wp-json\/wp\/v2\/comments?post=127"}],"version-history":[{"count":2,"href":"https:\/\/hofwerkstatt.de\/en\/wp-json\/wp\/v2\/pages\/127\/revisions"}],"predecessor-version":[{"id":107503,"href":"https:\/\/hofwerkstatt.de\/en\/wp-json\/wp\/v2\/pages\/127\/revisions\/107503"}],"up":[{"embeddable":true,"href":"https:\/\/hofwerkstatt.de\/en\/wp-json\/wp\/v2\/pages\/112"}],"wp:attachment":[{"href":"https:\/\/hofwerkstatt.de\/en\/wp-json\/wp\/v2\/media?parent=127"}],"curies":[{"name":"wp","href":"https:\/\/api.w.org\/{rel}","templated":true}]}}