{"id":124,"date":"2025-02-12T17:03:05","date_gmt":"2025-02-12T16:03:05","guid":{"rendered":"http:\/\/wordpress.hofwerkstatt.de\/?page_id=124"},"modified":"2025-05-01T13:45:30","modified_gmt":"2025-05-01T11:45:30","slug":"geschichte-der-hofwerkstatt","status":"publish","type":"page","link":"https:\/\/hofwerkstatt.de\/en\/hintergrund\/geschichte-der-hofwerkstatt\/","title":{"rendered":"Geschichte der Hofwerkstatt"},"content":{"rendered":"<p>[et_pb_section fb_built=&#8220;1&#8243; _builder_version=&#8220;4.27.4&#8243; _module_preset=&#8220;default&#8220; background_enable_color=&#8220;off&#8220; background_image=&#8220;https:\/\/hofwerkstatt.de\/wp-content\/uploads\/2025\/02\/IMG_9928-scaled.jpeg&#8220; background_position=&#8220;bottom_center&#8220; background_vertical_offset=&#8220;17%&#8220; custom_padding=&#8220;101px||108px|||&#8220; saved_tabs=&#8220;all&#8220; global_colors_info=&#8220;{}&#8220;][et_pb_row _builder_version=&#8220;4.16&#8243; _module_preset=&#8220;default&#8220; global_colors_info=&#8220;{}&#8220;][et_pb_column type=&#8220;4_4&#8243; _builder_version=&#8220;4.16&#8243; _module_preset=&#8220;default&#8220; global_colors_info=&#8220;{}&#8220;][et_pb_post_title meta=&#8220;off&#8220; featured_image=&#8220;off&#8220; _builder_version=&#8220;4.27.4&#8243; _module_preset=&#8220;default&#8220; title_font=&#8220;&#8211;et_global_heading_font|300|||||||&#8220; title_text_color=&#8220;#FFFFFF&#8220; title_font_size=&#8220;60px&#8220; title_line_height=&#8220;1.2em&#8220; meta_text_color=&#8220;#FFFFFF&#8220; title_font_size_tablet=&#8220;49px&#8220; title_font_size_phone=&#8220;26px&#8220; title_font_size_last_edited=&#8220;on|tablet&#8220; title_text_shadow_style=&#8220;preset2&#8243; global_colors_info=&#8220;{}&#8220;][\/et_pb_post_title][et_pb_dmb_breadcrumbs font_icon=&#8220;&#x39;||divi||400&#8243; use_home_icon=&#8220;off&#8220; use_home_text=&#8220;on&#8220; home_text=&#8220;zur Startseite&#8220; _builder_version=&#8220;4.16&#8243; _module_preset=&#8220;default&#8220; body_text_color=&#8220;#FFFFFF&#8220; body_font_size=&#8220;13px&#8220; separator_text_color=&#8220;#FFFFFF&#8220; link_text_color=&#8220;#FFFFFF&#8220; linkhover_text_color=&#8220;#0C71C3&#8243; body_font_size_tablet=&#8220;11px&#8220; body_font_size_phone=&#8220;&#8220; body_font_size_last_edited=&#8220;on|phone&#8220; global_colors_info=&#8220;{}&#8220;][\/et_pb_dmb_breadcrumbs][\/et_pb_column][\/et_pb_row][\/et_pb_section][et_pb_section fb_built=&#8220;1&#8243; admin_label=&#8220;section&#8220; _builder_version=&#8220;4.16&#8243; global_colors_info=&#8220;{}&#8220;][et_pb_row column_structure=&#8220;1_4,3_4&#8243; admin_label=&#8220;row&#8220; _builder_version=&#8220;4.16&#8243; background_size=&#8220;initial&#8220; background_position=&#8220;top_left&#8220; background_repeat=&#8220;repeat&#8220; global_colors_info=&#8220;{}&#8220;][et_pb_column type=&#8220;1_4&#8243; _builder_version=&#8220;4.16&#8243; custom_padding=&#8220;|||&#8220; global_colors_info=&#8220;{}&#8220; custom_padding__hover=&#8220;|||&#8220;][et_pb_image src=&#8220;https:\/\/hofwerkstatt.de\/wp-content\/uploads\/2025\/01\/gabiBraun-1.png&#8220; title_text=&#8220;gabiBraun&#8220; _builder_version=&#8220;4.27.4&#8243; _module_preset=&#8220;default&#8220; global_colors_info=&#8220;{}&#8220;][\/et_pb_image][\/et_pb_column][et_pb_column type=&#8220;3_4&#8243; _builder_version=&#8220;4.16&#8243; custom_padding=&#8220;|||&#8220; global_colors_info=&#8220;{}&#8220; custom_padding__hover=&#8220;|||&#8220;][et_pb_text admin_label=&#8220;Text&#8220; _builder_version=&#8220;4.16&#8243; background_size=&#8220;initial&#8220; background_position=&#8220;top_left&#8220; background_repeat=&#8220;repeat&#8220; global_colors_info=&#8220;{}&#8220;]1997 hat die K\u00fcnstlerin Gabriele Musebrink die Hofwerkstatt in Essen-S\u00fcd &#8211; heute ein belebtes wie beliebtes, kleines Zentrum f\u00fcr Kunst, Ausstellungen, Fern\u00f6stliche Bewegungs- und Konzentrations-techniken und Spiritualit\u00e4t &#8211; ins Leben gerufen, welches ein freier Verbund selbst\u00e4ndig arbeitender Lehrer und Lehrerinnen ist.<br \/>\n1983 bezieht die Malerin die Wohnung samt Atelier in der ersten Etage und beginnt 1995 mit dem Ausbau der \u00fcber 200 qm umfassenden R\u00e4umlich-keiten im Souterrain und Erdgeschoss. Nach der wechselvollen Geschichte des Geb\u00e4udes, die mit einer Druckerei begann, nimmt die Hofwerkstatt \u2013 noch halb Baustelle &#8211; 1997 ihre Arbeit als &#8222;privat betriebene!&#8220; Kultureinrichtung auf, die ohne Sub-ventionierungen und nur auf der Basis der Nutzung der R\u00e4ume unter einem gemeinsamen Ansatz nun seit \u00fcber 10 Jahren funktioniert.<br \/>\nSie bietet in pers\u00f6nlicher Atmosph\u00e4re Raum zur Entfaltung an und l\u00e4dt ein, auf unterschiedliche Art und Weise, zum Austausch, zur Begegnung mit sich und anderen, schlie\u00dflich zur Entspannung und zu psychischem wie physischem Wohlbefinden einl\u00e4dt.[\/et_pb_text][\/et_pb_column][\/et_pb_row][\/et_pb_section]<\/p>\n","protected":false},"excerpt":{"rendered":"<p>1997 hat die K\u00fcnstlerin Gabriele Musebrink die Hofwerkstatt in Essen-S\u00fcd &#8211; heute ein belebtes wie beliebtes, kleines Zentrum f\u00fcr Kunst, Ausstellungen, Fern\u00f6stliche Bewegungs- und Konzentrations-techniken und Spiritualit\u00e4t &#8211; ins Leben gerufen, welches ein freier Verbund selbst\u00e4ndig arbeitender Lehrer und Lehrerinnen ist. 1983 bezieht die Malerin die Wohnung samt Atelier in der ersten Etage und beginnt [&hellip;]<\/p>\n","protected":false},"author":1,"featured_media":0,"parent":112,"menu_order":0,"comment_status":"closed","ping_status":"closed","template":"","meta":{"_seopress_robots_primary_cat":"","_seopress_titles_title":"","_seopress_titles_desc":"","_seopress_robots_index":"","_et_pb_use_builder":"on","_et_pb_old_content":"1997 hat die K\u00fcnstlerin Gabriele Musebrink die Hofwerkstatt in Essen-S\u00fcd - heute ein belebtes wie beliebtes, kleines Zentrum f\u00fcr Kunst, Ausstellungen, Fern\u00f6stliche Bewegungs- und Konzentrations-techniken und Spiritualit\u00e4t - ins Leben gerufen, welches ein freier Verbund selbst\u00e4ndig arbeitender Lehrer und Lehrerinnen ist.\r\n1983 bezieht die Malerin die Wohnung samt Atelier in der ersten Etage und beginnt 1995 mit dem Ausbau der \u00fcber 200 qm umfassenden R\u00e4umlich-keiten im Souterrain und Erdgeschoss. Nach der wechselvollen Geschichte des Geb\u00e4udes, die mit einer Druckerei begann, nimmt die Hofwerkstatt \u2013 noch halb Baustelle - 1997 ihre Arbeit als \"privat betriebene!\" Kultureinrichtung auf, die ohne Sub-ventionierungen und nur auf der Basis der Nutzung der R\u00e4ume unter einem gemeinsamen Ansatz nun seit \u00fcber 10 Jahren funktioniert.\r\nSie bietet in pers\u00f6nlicher Atmosph\u00e4re Raum zur Entfaltung an und l\u00e4dt ein, auf unterschiedliche Art und Weise, zum Austausch, zur Begegnung mit sich und anderen, schlie\u00dflich zur Entspannung und zu psychischem wie physischem Wohlbefinden einl\u00e4dt.","_et_gb_content_width":"","footnotes":""},"class_list":["post-124","page","type-page","status-publish","hentry"],"_links":{"self":[{"href":"https:\/\/hofwerkstatt.de\/en\/wp-json\/wp\/v2\/pages\/124","targetHints":{"allow":["GET"]}}],"collection":[{"href":"https:\/\/hofwerkstatt.de\/en\/wp-json\/wp\/v2\/pages"}],"about":[{"href":"https:\/\/hofwerkstatt.de\/en\/wp-json\/wp\/v2\/types\/page"}],"author":[{"embeddable":true,"href":"https:\/\/hofwerkstatt.de\/en\/wp-json\/wp\/v2\/users\/1"}],"replies":[{"embeddable":true,"href":"https:\/\/hofwerkstatt.de\/en\/wp-json\/wp\/v2\/comments?post=124"}],"version-history":[{"count":2,"href":"https:\/\/hofwerkstatt.de\/en\/wp-json\/wp\/v2\/pages\/124\/revisions"}],"predecessor-version":[{"id":107541,"href":"https:\/\/hofwerkstatt.de\/en\/wp-json\/wp\/v2\/pages\/124\/revisions\/107541"}],"up":[{"embeddable":true,"href":"https:\/\/hofwerkstatt.de\/en\/wp-json\/wp\/v2\/pages\/112"}],"wp:attachment":[{"href":"https:\/\/hofwerkstatt.de\/en\/wp-json\/wp\/v2\/media?parent=124"}],"curies":[{"name":"wp","href":"https:\/\/api.w.org\/{rel}","templated":true}]}}