{"id":117,"date":"2025-02-12T16:59:50","date_gmt":"2025-02-12T15:59:50","guid":{"rendered":"http:\/\/wordpress.hofwerkstatt.de\/?page_id=117"},"modified":"2025-04-20T09:30:15","modified_gmt":"2025-04-20T07:30:15","slug":"gruenderin-gabriele-musebrink","status":"publish","type":"page","link":"https:\/\/hofwerkstatt.de\/en\/hintergrund\/gruenderin-gabriele-musebrink\/","title":{"rendered":"Gr\u00fcnderin Gabriele Musebrink"},"content":{"rendered":"<p>[et_pb_section fb_built=&#8220;1&#8243; _builder_version=&#8220;4.27.4&#8243; _module_preset=&#8220;default&#8220; background_enable_color=&#8220;off&#8220; background_image=&#8220;https:\/\/hofwerkstatt.de\/wp-content\/uploads\/2025\/03\/DSC0007-scaled.jpg&#8220; background_position=&#8220;bottom_center&#8220; background_vertical_offset=&#8220;48%&#8220; custom_padding=&#8220;101px||108px|||&#8220; saved_tabs=&#8220;all&#8220; global_colors_info=&#8220;{}&#8220;][et_pb_row _builder_version=&#8220;4.16&#8243; _module_preset=&#8220;default&#8220; global_colors_info=&#8220;{}&#8220;][et_pb_column type=&#8220;4_4&#8243; _builder_version=&#8220;4.16&#8243; _module_preset=&#8220;default&#8220; global_colors_info=&#8220;{}&#8220;][et_pb_post_title meta=&#8220;off&#8220; featured_image=&#8220;off&#8220; _builder_version=&#8220;4.27.4&#8243; _module_preset=&#8220;default&#8220; title_font=&#8220;&#8211;et_global_heading_font|300|||||||&#8220; title_text_color=&#8220;#FFFFFF&#8220; title_font_size=&#8220;60px&#8220; title_line_height=&#8220;1.2em&#8220; meta_text_color=&#8220;#FFFFFF&#8220; title_font_size_tablet=&#8220;49px&#8220; title_font_size_phone=&#8220;26px&#8220; title_font_size_last_edited=&#8220;on|tablet&#8220; title_text_shadow_style=&#8220;preset2&#8243; global_colors_info=&#8220;{}&#8220;][\/et_pb_post_title][et_pb_dmb_breadcrumbs font_icon=&#8220;&#x39;||divi||400&#8243; use_home_icon=&#8220;off&#8220; use_home_text=&#8220;on&#8220; home_text=&#8220;zur Startseite&#8220; _builder_version=&#8220;4.16&#8243; _module_preset=&#8220;default&#8220; body_text_color=&#8220;#FFFFFF&#8220; body_font_size=&#8220;13px&#8220; separator_text_color=&#8220;#FFFFFF&#8220; link_text_color=&#8220;#FFFFFF&#8220; linkhover_text_color=&#8220;#0C71C3&#8243; body_font_size_tablet=&#8220;11px&#8220; body_font_size_phone=&#8220;&#8220; body_font_size_last_edited=&#8220;on|phone&#8220; global_colors_info=&#8220;{}&#8220;][\/et_pb_dmb_breadcrumbs][\/et_pb_column][\/et_pb_row][\/et_pb_section][et_pb_section fb_built=&#8220;1&#8243; admin_label=&#8220;section&#8220; _builder_version=&#8220;4.16&#8243; global_colors_info=&#8220;{}&#8220;][et_pb_row admin_label=&#8220;row&#8220; _builder_version=&#8220;4.16&#8243; background_size=&#8220;initial&#8220; background_position=&#8220;top_left&#8220; background_repeat=&#8220;repeat&#8220; global_colors_info=&#8220;{}&#8220;][et_pb_column type=&#8220;4_4&#8243; _builder_version=&#8220;4.16&#8243; custom_padding=&#8220;|||&#8220; global_colors_info=&#8220;{}&#8220; custom_padding__hover=&#8220;|||&#8220;][et_pb_text admin_label=&#8220;Text&#8220; _builder_version=&#8220;4.16&#8243; background_size=&#8220;initial&#8220; background_position=&#8220;top_left&#8220; background_repeat=&#8220;repeat&#8220; global_colors_info=&#8220;{}&#8220;]K\u00fcnstlerisches Arbeiten ist f\u00fcr mich kompromisslos, ausweglos und entschieden \u2013 es gibt nichts dazwischen. Ohne Reflexionen, ohne den Willen, dass etwas ganz Bestimmtes nun zu geschehen habe, konfrontiere ich mich im Malprozess mit dem Unvorhersehbaren und fordere das v\u00f6llige Einlassen auf den Moment heraus. Mein k\u00fcnstlerischer Ausdruck ist nur sehr bedingt kontrollierbar, bewegt sich in einem Raum der Unsicherheit und Wandelbarkeit &#8211; wie das Leben selbst. Ich liebe und suche geradezu k\u00fcnstlerische Ausdrucksformen, die nichts anderes zulassen, als das totale Einlassen auf den Augenblick. Kunstschaffen passiert f\u00fcr mich allein in der \u00d6ffnung und der Hingabe an das, was ist. Nicht ich z\u00e4hle dann, sondern das, was sich durch mich ausdr\u00fcckt und sich zeigen will und Gestalt wird. Nicht mehr und auch nicht weniger. Die Spur, die in mir zur\u00fcck bleibt, ist einfach Stille und Freude.[\/et_pb_text][\/et_pb_column][\/et_pb_row][et_pb_row column_structure=&#8220;1_3,2_3&#8243; admin_label=&#8220;row&#8220; _builder_version=&#8220;4.16&#8243; background_size=&#8220;initial&#8220; background_position=&#8220;top_left&#8220; background_repeat=&#8220;repeat&#8220; global_colors_info=&#8220;{}&#8220;][et_pb_column type=&#8220;1_3&#8243; _builder_version=&#8220;4.16&#8243; custom_padding=&#8220;|||&#8220; global_colors_info=&#8220;{}&#8220; custom_padding__hover=&#8220;|||&#8220;][et_pb_image src=&#8220;https:\/\/hofwerkstatt.de\/wp-content\/uploads\/2025\/03\/GM_MallorcaPortrait_11.jpg&#8220; title_text=&#8220;GM_MallorcaPortrait_11&#8243; _builder_version=&#8220;4.27.4&#8243; _module_preset=&#8220;default&#8220; global_colors_info=&#8220;{}&#8220;][\/et_pb_image][et_pb_text _builder_version=&#8220;4.27.4&#8243; _module_preset=&#8220;default&#8220; global_colors_info=&#8220;{}&#8220;]<\/p>\n<div id=\"item1\" name=\"item1\" class=\"item\">\n<div class=\"content\">\n<div class=\"itemNav\">\n<p>&nbsp;<\/p>\n<\/div>\n<div class=\"imageOben\"><\/div>\n<\/div>\n<\/div>\n<div id=\"item2\" name=\"item2\" class=\"item\">\n<div class=\"content\">\n<div id=\"linkesBildText\">\n<p><a class=\"Pfeil_Links\" href=\"https:\/\/www.kunstschule-musebrink.de\/\" target=\"_blank\" title=\"Zur Webseite der Kunstschule Musebrink...\" rel=\"noopener\">www.kunstschule-musebrink.de<\/a><br \/><a class=\"Pfeil_Links\" href=\"https:\/\/www.gabriele-musebrink.de\/\" target=\"_blank\" title=\"Zur K\u00fcnsterinnenseite von Gabriele Musebrink...\" rel=\"noopener\">www.gabriele-musebrink.de<\/a><\/p>\n<\/div>\n<\/div>\n<\/div>\n<p>[\/et_pb_text][\/et_pb_column][et_pb_column type=&#8220;2_3&#8243; _builder_version=&#8220;4.16&#8243; custom_padding=&#8220;|||&#8220; global_colors_info=&#8220;{}&#8220; custom_padding__hover=&#8220;|||&#8220;][et_pb_text _builder_version=&#8220;4.27.4&#8243; _module_preset=&#8220;default&#8220; header_3_font=&#8220;|300|||||||&#8220; header_3_text_color=&#8220;#98846B&#8220; hover_enabled=&#8220;0&#8243; global_colors_info=&#8220;{}&#8220; sticky_enabled=&#8220;0&#8243;]<\/p>\n<p class=\"Titel_Bildtext\">Kurzbiografie Gabriele Musebrink<\/p>\n<ul class=\"Pfeil_Liste\">\n<li>1975 bis 1983 Kunststudium an der Folkwangschule in Essen-Werden und an der Universit\u00e4t-Gesamthochschule Essen; Abschluss bei Prof. Sturm und Prof. Gr\u00e4sel, Bereich freie Grafik, Fotografie, Plastik und Rauminstallation<\/li>\n<li><span data-teams=\"true\">1983 bezieht die Malerin die Wohnung samt Atelier in der ersten Etage und beginnt 1995 mit dem Ausbau der \u00fcber 200 qm umfassenden R\u00e4umlichkeiten im Souterrain und Erdgeschoss. Nach der wechselvollen Geschichte des Geb\u00e4udes, die mit einer Druckerei begann, nimmt die Hofwerkstatt \u2013 noch halb Baustelle \u2013 1997 ihre Arbeit als \u201eprivat betriebene!\u201c, ganzheitlich ausgerichtete Schule auf. Auf der Basis der Nutzung der R\u00e4ume unter einem gemeinsamen Ansatz wirkt sie seit nun 30 Jahren und ist mittlerweile eine f\u00f6rderw\u00fcrdige Kultureinrichtung der Stadt Essen geworden.<br \/>Sie bietet in pers\u00f6nlicher Atmosph\u00e4re Raum zur Entfaltung an und l\u00e4dt ein, auf unterschiedliche Art und Weise, zum Austausch, zur Begegnung mit sich und anderen. Sie umfasst die Einladung zur Entspannung und zu psychischem wie physischem Wohlbefinden.<\/span><\/li>\n<li>Ab 1983 freiberuflich als Grafikerin und K\u00fcnstlerin, Ausstellungsgestaltung<\/li>\n<li>f\u00fcr das Bistum Essen, die Alte Synagoge Essen, arch\u00e4olog. Museum Altenessen u.a.<\/li>\n<li>1984 bis 1992 fest angestellte Ausstellungsgestalterin im Ruhrlandmuseum Essen mit den Schwerpunkten Rauminszenierung und Grafik<\/li>\n<li>Seit 1992 ausschlie\u00dflich freischaffende K\u00fcnstlerin und Gestalterin, wohnhaft in Essen und bis 2002 in Montescudaio (Italien)<\/li>\n<li>1996 Gr\u00fcndung der Hofwerkstatt in Essen-S\u00fcd mit eigener Kunstschule Musebrink &#8211; es ist eine Kultureinrichtung f\u00fcr Kunst und fern\u00f6stliche Bewegungs- und Konzentrationsdisziplinen&#8230;<\/li>\n<li><span data-teams=\"true\">1997 hat die K\u00fcnstlerin Gabriele Musebrink die Hofwerkstatt in Essen-S\u00fcd \u2013 heute ein belebtes wie beliebtes, kleines Zentrum f\u00fcr Kunst, Ausstellungen, Fern\u00f6stliche Bewegungs- und Konzentrations-techniken und Spiritualit\u00e4t \u2013 ins Leben gerufen, welches ein freier Verbund selbst\u00e4ndig arbeitender Lehrer und Lehrerinnen ist.<\/span><\/li>\n<li><span data-teams=\"true\">seit 2004: \u00f6ffentliche Kunstdemonstrationen (2004-2023) und erweiterte Seminart\u00e4tigkeit in Kunstakademien wie Akademie der Bildenden K\u00fcnste Kolbermoor, Akademie f\u00fcr Zeitgen\u00f6ssische Kunst, Kunstfabrik Wien, Kunstfabrik Hannover<\/span><\/li>\n<\/ul>\n<p><a href=\"https:\/\/gabriele-musebrink.de\/about\/cv\/\" target=\"_blank\" rel=\"noopener\">Die Biografie von Gabriele Musebrink auf Ihrer K\u00fcnstler-Webseite &#8230;<\/a><\/p>\n<p>&nbsp;<\/p>\n<p>[\/et_pb_text][\/et_pb_column][\/et_pb_row][\/et_pb_section]<\/p>\n","protected":false},"excerpt":{"rendered":"<p>K\u00fcnstlerisches Arbeiten ist f\u00fcr mich kompromisslos, ausweglos und entschieden \u2013 es gibt nichts dazwischen. Ohne Reflexionen, ohne den Willen, dass etwas ganz Bestimmtes nun zu geschehen habe, konfrontiere ich mich im Malprozess mit dem Unvorhersehbaren und fordere das v\u00f6llige Einlassen auf den Moment heraus. Mein k\u00fcnstlerischer Ausdruck ist nur sehr bedingt kontrollierbar, bewegt sich in [&hellip;]<\/p>\n","protected":false},"author":1,"featured_media":0,"parent":112,"menu_order":0,"comment_status":"closed","ping_status":"closed","template":"","meta":{"_seopress_robots_primary_cat":"","_seopress_titles_title":"","_seopress_titles_desc":"","_seopress_robots_index":"","_et_pb_use_builder":"on","_et_pb_old_content":"K\u00fcnstlerisches Arbeiten ist f\u00fcr mich kompromisslos, ausweglos und entschieden \u2013 es gibt nichts dazwischen. Ohne Reflexionen, ohne den Willen, dass etwas ganz Bestimmtes nun zu geschehen habe, konfrontiere ich mich im Malprozess mit dem Unvorhersehbaren und fordere das v\u00f6llige Einlassen auf den Moment heraus. Mein k\u00fcnstlerischer Ausdruck ist nur sehr bedingt kontrollierbar, bewegt sich in einem Raum der Unsicherheit und Wandelbarkeit - wie das Leben selbst. Ich liebe und suche geradezu k\u00fcnstlerische Ausdrucksformen, die nichts anderes zulassen, als das totale Einlassen auf den Augenblick. Kunstschaffen passiert f\u00fcr mich allein in der \u00d6ffnung und der Hingabe an das, was ist. Nicht ich z\u00e4hle dann, sondern das, was sich durch mich ausdr\u00fcckt und sich zeigen will und Gestalt wird. Nicht mehr und auch nicht weniger. Die Spur, die in mir zur\u00fcck bleibt, ist einfach Stille und Freude.","_et_gb_content_width":"","footnotes":""},"class_list":["post-117","page","type-page","status-publish","hentry"],"_links":{"self":[{"href":"https:\/\/hofwerkstatt.de\/en\/wp-json\/wp\/v2\/pages\/117","targetHints":{"allow":["GET"]}}],"collection":[{"href":"https:\/\/hofwerkstatt.de\/en\/wp-json\/wp\/v2\/pages"}],"about":[{"href":"https:\/\/hofwerkstatt.de\/en\/wp-json\/wp\/v2\/types\/page"}],"author":[{"embeddable":true,"href":"https:\/\/hofwerkstatt.de\/en\/wp-json\/wp\/v2\/users\/1"}],"replies":[{"embeddable":true,"href":"https:\/\/hofwerkstatt.de\/en\/wp-json\/wp\/v2\/comments?post=117"}],"version-history":[{"count":1,"href":"https:\/\/hofwerkstatt.de\/en\/wp-json\/wp\/v2\/pages\/117\/revisions"}],"predecessor-version":[{"id":107449,"href":"https:\/\/hofwerkstatt.de\/en\/wp-json\/wp\/v2\/pages\/117\/revisions\/107449"}],"up":[{"embeddable":true,"href":"https:\/\/hofwerkstatt.de\/en\/wp-json\/wp\/v2\/pages\/112"}],"wp:attachment":[{"href":"https:\/\/hofwerkstatt.de\/en\/wp-json\/wp\/v2\/media?parent=117"}],"curies":[{"name":"wp","href":"https:\/\/api.w.org\/{rel}","templated":true}]}}