{"id":108,"date":"2025-02-12T16:54:58","date_gmt":"2025-02-12T15:54:58","guid":{"rendered":"http:\/\/wordpress.hofwerkstatt.de\/?page_id=108"},"modified":"2025-04-17T15:26:14","modified_gmt":"2025-04-17T13:26:14","slug":"feldenkrais-stimme-und-ausdruck","status":"publish","type":"page","link":"https:\/\/hofwerkstatt.de\/en\/programme\/yoga-und-entspannung\/feldenkrais-stimme-und-ausdruck\/","title":{"rendered":"Feldenkrais\u00ae &#8211; Stimme und Ausdruck"},"content":{"rendered":"<p>[et_pb_section fb_built=&#8220;1&#8243; _builder_version=&#8220;4.27.4&#8243; _module_preset=&#8220;default&#8220; background_enable_color=&#8220;off&#8220; background_image=&#8220;https:\/\/hofwerkstatt.de\/wp-content\/uploads\/2025\/02\/HWST.Eingang5.2011-scaled.jpg&#8220; background_position=&#8220;bottom_center&#8220; background_vertical_offset=&#8220;26%&#8220; custom_padding=&#8220;101px||108px|||&#8220; animation_style=&#8220;slide&#8220; animation_direction=&#8220;top&#8220; animation_duration=&#8220;1800ms&#8220; animation_delay=&#8220;10ms&#8220; global_module=&#8220;104910&#8243; saved_tabs=&#8220;all&#8220; global_colors_info=&#8220;{}&#8220;][et_pb_row _builder_version=&#8220;4.16&#8243; _module_preset=&#8220;default&#8220; animation_style=&#8220;slide&#8220; animation_direction=&#8220;right&#8220; animation_duration=&#8220;1800ms&#8220; animation_delay=&#8220;10ms&#8220; animation_intensity_slide=&#8220;10%&#8220; global_colors_info=&#8220;{}&#8220;][et_pb_column type=&#8220;4_4&#8243; _builder_version=&#8220;4.16&#8243; _module_preset=&#8220;default&#8220; global_colors_info=&#8220;{}&#8220;][et_pb_post_title meta=&#8220;off&#8220; featured_image=&#8220;off&#8220; _builder_version=&#8220;4.27.4&#8243; _module_preset=&#8220;default&#8220; title_font=&#8220;&#8211;et_global_heading_font|300|||||||&#8220; title_text_color=&#8220;#FFFFFF&#8220; title_font_size=&#8220;60px&#8220; title_line_height=&#8220;1.2em&#8220; meta_text_color=&#8220;#FFFFFF&#8220; title_font_tablet=&#8220;&#8220; title_font_phone=&#8220;&#8220; title_font_last_edited=&#8220;on|desktop&#8220; title_font_size_tablet=&#8220;49px&#8220; title_font_size_phone=&#8220;26px&#8220; title_font_size_last_edited=&#8220;on|desktop&#8220; title_text_shadow_style=&#8220;preset2&#8243; global_colors_info=&#8220;{}&#8220;][\/et_pb_post_title][et_pb_dmb_breadcrumbs font_icon=&#8220;&#x39;||divi||400&#8243; use_home_icon=&#8220;off&#8220; use_home_text=&#8220;on&#8220; home_text=&#8220;zur Startseite&#8220; _builder_version=&#8220;4.16&#8243; _module_preset=&#8220;default&#8220; body_text_color=&#8220;#FFFFFF&#8220; body_font_size=&#8220;13px&#8220; separator_text_color=&#8220;#FFFFFF&#8220; link_text_color=&#8220;#FFFFFF&#8220; linkhover_text_color=&#8220;#0C71C3&#8243; body_font_size_tablet=&#8220;11px&#8220; body_font_size_phone=&#8220;&#8220; body_font_size_last_edited=&#8220;on|phone&#8220; global_colors_info=&#8220;{}&#8220;][\/et_pb_dmb_breadcrumbs][\/et_pb_column][\/et_pb_row][\/et_pb_section][et_pb_section fb_built=&#8220;1&#8243; _builder_version=&#8220;4.27.4&#8243; _module_preset=&#8220;default&#8220; background_color=&#8220;rgba(152,132,107,0.08)&#8220; global_colors_info=&#8220;{}&#8220; theme_builder_area=&#8220;post_content&#8220;][et_pb_row _builder_version=&#8220;4.27.4&#8243; _module_preset=&#8220;default&#8220; custom_padding=&#8220;||7px|||&#8220; global_colors_info=&#8220;{}&#8220; theme_builder_area=&#8220;post_content&#8220;][et_pb_column type=&#8220;4_4&#8243; _builder_version=&#8220;4.27.4&#8243; _module_preset=&#8220;default&#8220; global_colors_info=&#8220;{}&#8220; theme_builder_area=&#8220;post_content&#8220;][et_pb_text _builder_version=&#8220;4.27.4&#8243; _module_preset=&#8220;default&#8220; header_2_font=&#8220;|300|||||||&#8220; custom_margin=&#8220;||5px|||&#8220; hover_enabled=&#8220;0&#8243; global_colors_info=&#8220;{}&#8220; theme_builder_area=&#8220;post_content&#8220; sticky_enabled=&#8220;0&#8243;]<\/p>\n<h2>Leitung Marianne Daum<\/h2>\n<p>[\/et_pb_text][\/et_pb_column][\/et_pb_row][et_pb_row column_structure=&#8220;3_5,2_5&#8243; _builder_version=&#8220;4.27.4&#8243; _module_preset=&#8220;default&#8220; global_colors_info=&#8220;{}&#8220; theme_builder_area=&#8220;post_content&#8220;][et_pb_column type=&#8220;3_5&#8243; _builder_version=&#8220;4.27.4&#8243; _module_preset=&#8220;default&#8220; global_colors_info=&#8220;{}&#8220; theme_builder_area=&#8220;post_content&#8220;][et_pb_text _builder_version=&#8220;4.27.4&#8243; _module_preset=&#8220;default&#8220; header_2_font=&#8220;|300|||||||&#8220; hover_enabled=&#8220;0&#8243; global_colors_info=&#8220;{}&#8220; theme_builder_area=&#8220;post_content&#8220; sticky_enabled=&#8220;0&#8243;]<\/p>\n<p><strong>In diesem Kurs geht es um\u00a0Deine Ausdrucksf\u00e4higkeit, Deine Stimme, Deine Kraft.<\/strong><\/p>\n<ul type=\"disc\">\n<li>Du m\u00f6chtest mit mehr Leichtigkeit und Freude pr\u00e4sentieren?<\/li>\n<li>Mit dir in Kontakt bleiben, w\u00e4hrend du vor und mit Anderen sprichst?<\/li>\n<li>Deine (Sprech-) Stimme und deine ganz pers\u00f6nliche Art des Ausdrucks besser kennenlernen und entwickeln?<\/li>\n<li>Deine eigene Pr\u00e4senz entwickeln.<\/li>\n<li>Mehr erfahren \u00fcber verbale und non-verbale Kommunikation?<\/li>\n<li>Und &#8211; du m\u00f6chtest lernen mit Stress und Lampenfieber umzugehen?<\/li>\n<\/ul>\n<p>Dann ist dieser Kurs genau das Richtige f\u00fcr dich.<\/p>\n<p><span class=\"contentLinksBraun\">Mit der\u00a0Feldenkrais-Methode<\/span>, \u00dcbungen aus dem Sprecher- und\u00a0Stimm- training\u00a0(Atem\u00fcbungen, F\u00f6rderung der Artikulation,\u00a0Lockerung der Muskulatur\u00a0u.a.), F\u00f6rderung der individuellen\u00a0Stressbew\u00e4ltigung, Resilienztraining.<\/p>\n<p><strong><span class=\"contentLinksBraun\">WANN:<\/span>\u00a0W\u00f6chentlich Dienstags 21.01. &#8211; 08.04.2025, 19:30 Uhr &#8211; 21:00 Uhr<\/strong><br \/>Folgekurse sind bereits in Planung.<\/p>\n<p><strong>KURSGEB\u00dcHR:\u00a0<\/strong>12 Einheiten, nur als ganzer Kurs buchbar, zahlbar jeweils monatlich am Monatsbeginn, 3x 63,-\u20ac\u00a0oder\u00a0einmaliger, verg\u00fcnstigter Betrag f\u00fcr den gesamten Kurs vor Kursbeginn:\u00a0180,- \u20ac<\/p>\n<p>Die Teilnehmeranzahl ist begrenzt, um rechtzeitige Anmeldung wird gebeten.<br \/>Es gelten meine AGBs,\u00a0<a href=\"https:\/\/www.mariannedaum.de\/agb\/\" target=\"_blank\" rel=\"noopener\">siehe Link<\/a><\/p>\n<p>&nbsp;<\/p>\n<p>[\/et_pb_text][\/et_pb_column][et_pb_column type=&#8220;2_5&#8243; _builder_version=&#8220;4.27.4&#8243; _module_preset=&#8220;default&#8220; background_color=&#8220;#FFFFFF&#8220; custom_padding=&#8220;39px|36px|47px|36px|false|true&#8220; box_shadow_style=&#8220;preset3&#8243; box_shadow_color=&#8220;rgba(0,0,0,0.1)&#8220; global_colors_info=&#8220;{}&#8220; theme_builder_area=&#8220;post_content&#8220;][et_pb_text _builder_version=&#8220;4.27.4&#8243; _module_preset=&#8220;default&#8220; header_5_line_height=&#8220;1.3em&#8220; hover_enabled=&#8220;0&#8243; global_colors_info=&#8220;{}&#8220; theme_builder_area=&#8220;post_content&#8220; sticky_enabled=&#8220;0&#8243;]<\/p>\n<h5>Kontakt zur Kursanfrage<\/h5>\n<p>Marianne Daum<br \/>FELDENKRAIS\u00aePractitioner<br \/>Sprecherin<br \/>Stimm- und Ausdruckstraining<br \/>Kompetenztrainerin<br \/>Resilienztrainerin<\/p>\n<p><a href=\"mailto:dialog@mariannedaum.de\">dialog@mariannedaum.de<\/a><br \/><a href=\"https:\/\/www.mariannedaum.de\/\" target=\"new\">www.mariannedaum.de<\/a><\/p>\n<p>[\/et_pb_text][\/et_pb_column][\/et_pb_row][\/et_pb_section][et_pb_section fb_built=&#8220;1&#8243; admin_label=&#8220;section&#8220; _builder_version=&#8220;4.16&#8243; global_colors_info=&#8220;{}&#8220;][et_pb_row _builder_version=&#8220;4.27.4&#8243; _module_preset=&#8220;default&#8220; global_colors_info=&#8220;{}&#8220;][et_pb_column type=&#8220;4_4&#8243; _builder_version=&#8220;4.27.4&#8243; _module_preset=&#8220;default&#8220; global_colors_info=&#8220;{}&#8220;][eventin_events etn_event_cat=&#8220;on|off&#8220; etn_event_tag=&#8220;off|off|off|off|off|on&#8220; filter_with_status=&#8220;upcoming&#8220; orderby=&#8220;etn_start_date&#8220; order=&#8220;ASC&#8220; _builder_version=&#8220;4.27.4&#8243; _module_preset=&#8220;default&#8220; global_colors_info=&#8220;{}&#8220;][\/eventin_events][\/et_pb_column][\/et_pb_row][\/et_pb_section]<\/p>\n","protected":false},"excerpt":{"rendered":"<p>Leitung Marianne DaumIn diesem Kurs geht es um\u00a0Deine Ausdrucksf\u00e4higkeit, Deine Stimme, Deine Kraft. Du m\u00f6chtest mit mehr Leichtigkeit und Freude pr\u00e4sentieren? Mit dir in Kontakt bleiben, w\u00e4hrend du vor und mit Anderen sprichst? Deine (Sprech-) Stimme und deine ganz pers\u00f6nliche Art des Ausdrucks besser kennenlernen und entwickeln? Deine eigene Pr\u00e4senz entwickeln. Mehr erfahren \u00fcber verbale [&hellip;]<\/p>\n","protected":false},"author":1,"featured_media":0,"parent":106440,"menu_order":0,"comment_status":"closed","ping_status":"closed","template":"","meta":{"_seopress_robots_primary_cat":"","_seopress_titles_title":"","_seopress_titles_desc":"","_seopress_robots_index":"","_et_pb_use_builder":"on","_et_pb_old_content":"<h5>Leitung Marianne Daum<\/h5>\r\n<strong>In diesem Kurs geht es um\u00a0Deine Ausdrucksf\u00e4higkeit, Deine Stimme, Deine Kraft.<\/strong>\r\n<ul type=\"disc\">\r\n \t<li>Du m\u00f6chtest mit mehr Leichtigkeit und Freude pr\u00e4sentieren?<\/li>\r\n \t<li>Mit dir in Kontakt bleiben, w\u00e4hrend du vor und mit Anderen sprichst?<\/li>\r\n \t<li>Deine (Sprech-) Stimme und deine ganz pers\u00f6nliche Art des Ausdrucks besser kennenlernen und entwickeln?<\/li>\r\n \t<li>Deine eigene Pr\u00e4senz entwickeln.<\/li>\r\n \t<li>Mehr erfahren \u00fcber verbale und non-verbale Kommunikation?<\/li>\r\n \t<li>Und - du m\u00f6chtest lernen mit Stress und Lampenfieber umzugehen?<\/li>\r\n<\/ul>\r\nDann ist dieser Kurs genau das Richtige f\u00fcr dich.","_et_gb_content_width":"","footnotes":""},"class_list":["post-108","page","type-page","status-publish","hentry"],"_links":{"self":[{"href":"https:\/\/hofwerkstatt.de\/en\/wp-json\/wp\/v2\/pages\/108","targetHints":{"allow":["GET"]}}],"collection":[{"href":"https:\/\/hofwerkstatt.de\/en\/wp-json\/wp\/v2\/pages"}],"about":[{"href":"https:\/\/hofwerkstatt.de\/en\/wp-json\/wp\/v2\/types\/page"}],"author":[{"embeddable":true,"href":"https:\/\/hofwerkstatt.de\/en\/wp-json\/wp\/v2\/users\/1"}],"replies":[{"embeddable":true,"href":"https:\/\/hofwerkstatt.de\/en\/wp-json\/wp\/v2\/comments?post=108"}],"version-history":[{"count":0,"href":"https:\/\/hofwerkstatt.de\/en\/wp-json\/wp\/v2\/pages\/108\/revisions"}],"up":[{"embeddable":true,"href":"https:\/\/hofwerkstatt.de\/en\/wp-json\/wp\/v2\/pages\/106440"}],"wp:attachment":[{"href":"https:\/\/hofwerkstatt.de\/en\/wp-json\/wp\/v2\/media?parent=108"}],"curies":[{"name":"wp","href":"https:\/\/api.w.org\/{rel}","templated":true}]}}