{"id":107668,"date":"2025-07-15T16:35:16","date_gmt":"2025-07-15T14:35:16","guid":{"rendered":"https:\/\/hofwerkstatt.de\/?page_id=107668"},"modified":"2025-12-15T11:36:44","modified_gmt":"2025-12-15T10:36:44","slug":"nikolaus-groeber-embodiment-mentales-training","status":"publish","type":"page","link":"https:\/\/hofwerkstatt.de\/en\/programme\/bewusstseinsarbeit\/nikolaus-groeber-embodiment-mentales-training\/","title":{"rendered":"Nikolaus Gr\u00f6ber &#8211; Embodiment &#038; Mentales Training"},"content":{"rendered":"<p>[et_pb_section fb_built=&#8220;1&#8243; _builder_version=&#8220;4.27.4&#8243; _module_preset=&#8220;default&#8220; background_enable_color=&#8220;off&#8220; background_image=&#8220;https:\/\/hofwerkstatt.de\/wp-content\/uploads\/2025\/02\/HWST.Eingang5.2011-scaled.jpg&#8220; background_position=&#8220;bottom_center&#8220; background_vertical_offset=&#8220;26%&#8220; custom_padding=&#8220;101px||108px|||&#8220; animation_style=&#8220;slide&#8220; animation_direction=&#8220;top&#8220; animation_duration=&#8220;1800ms&#8220; animation_delay=&#8220;10ms&#8220; animation_intensity_slide=&#8220;10%&#8220; global_module=&#8220;104910&#8243; saved_tabs=&#8220;all&#8220; global_colors_info=&#8220;{}&#8220;][et_pb_row _builder_version=&#8220;4.16&#8243; _module_preset=&#8220;default&#8220; animation_style=&#8220;slide&#8220; animation_direction=&#8220;right&#8220; animation_duration=&#8220;1800ms&#8220; animation_delay=&#8220;10ms&#8220; animation_intensity_slide=&#8220;10%&#8220; global_colors_info=&#8220;{}&#8220;][et_pb_column type=&#8220;4_4&#8243; _builder_version=&#8220;4.16&#8243; _module_preset=&#8220;default&#8220; global_colors_info=&#8220;{}&#8220;][et_pb_post_title meta=&#8220;off&#8220; featured_image=&#8220;off&#8220; _builder_version=&#8220;4.27.4&#8243; _module_preset=&#8220;default&#8220; title_font=&#8220;&#8211;et_global_heading_font|300|||||||&#8220; title_text_color=&#8220;#FFFFFF&#8220; title_font_size=&#8220;60px&#8220; title_line_height=&#8220;1.2em&#8220; meta_text_color=&#8220;#FFFFFF&#8220; title_font_tablet=&#8220;&#8220; title_font_phone=&#8220;&#8220; title_font_last_edited=&#8220;on|desktop&#8220; title_font_size_tablet=&#8220;49px&#8220; title_font_size_phone=&#8220;26px&#8220; title_font_size_last_edited=&#8220;on|desktop&#8220; title_text_shadow_style=&#8220;preset2&#8243; global_colors_info=&#8220;{}&#8220;][\/et_pb_post_title][et_pb_dmb_breadcrumbs font_icon=&#8220;&#x39;||divi||400&#8243; use_home_icon=&#8220;off&#8220; use_home_text=&#8220;on&#8220; home_text=&#8220;zur Startseite&#8220; _builder_version=&#8220;4.16&#8243; _module_preset=&#8220;default&#8220; body_text_color=&#8220;#FFFFFF&#8220; body_font_size=&#8220;13px&#8220; separator_text_color=&#8220;#FFFFFF&#8220; link_text_color=&#8220;#FFFFFF&#8220; linkhover_text_color=&#8220;#0C71C3&#8243; body_font_size_tablet=&#8220;11px&#8220; body_font_size_phone=&#8220;&#8220; body_font_size_last_edited=&#8220;on|phone&#8220; global_colors_info=&#8220;{}&#8220;][\/et_pb_dmb_breadcrumbs][\/et_pb_column][\/et_pb_row][\/et_pb_section][et_pb_section fb_built=&#8220;1&#8243; _builder_version=&#8220;4.27.4&#8243; _module_preset=&#8220;default&#8220; background_color=&#8220;rgba(152,132,107,0.08)&#8220; global_colors_info=&#8220;{}&#8220;][et_pb_row _builder_version=&#8220;4.27.4&#8243; _module_preset=&#8220;default&#8220; custom_padding=&#8220;||7px|||&#8220; global_colors_info=&#8220;{}&#8220;][et_pb_column type=&#8220;4_4&#8243; _builder_version=&#8220;4.27.4&#8243; _module_preset=&#8220;default&#8220; global_colors_info=&#8220;{}&#8220;][et_pb_text _builder_version=&#8220;4.27.4&#8243; _module_preset=&#8220;default&#8220; header_2_font=&#8220;|300|||||||&#8220; custom_margin=&#8220;||5px|||&#8220; global_colors_info=&#8220;{}&#8220;]<\/p>\n<h2>Leitung: Nikolaus Gr\u00f6ber<\/h2>\n<p>[\/et_pb_text][\/et_pb_column][\/et_pb_row][et_pb_row column_structure=&#8220;3_5,2_5&#8243; _builder_version=&#8220;4.27.4&#8243; _module_preset=&#8220;default&#8220; global_colors_info=&#8220;{}&#8220;][et_pb_column type=&#8220;3_5&#8243; _builder_version=&#8220;4.27.4&#8243; _module_preset=&#8220;default&#8220; global_colors_info=&#8220;{}&#8220;][et_pb_text _builder_version=&#8220;4.27.5&#8243; _module_preset=&#8220;default&#8220; header_2_font=&#8220;|300|||||||&#8220; global_colors_info=&#8220;{}&#8220;]<\/p>\n<p><span data-contrast=\"auto\">Verk\u00f6rperte Ver\u00e4nderung erleben<\/span><span data-ccp-props=\"{}\">\u00a0<\/span><\/p>\n<p><strong>Workshop:<br \/>FR 6.2.2026 | 18-20 Uhr<br \/>FR 20.3.2026 | 18-20 Uhr<br \/>FR 8.5.2026 | 18-20 Uhr<br \/>je 45 \u20ac<br \/><\/strong><\/p>\n<p><span data-contrast=\"auto\">K\u00f6rper und Psyche beeinflussen sich gegenseitig. Wir kennen das Gef\u00fchl, wenn Stress und psychische Belastung zu Kopfschmerzen f\u00fchren, das Herz schneller schlagen lassen, die Muskeln sich verkrampfen oder unser Magen sich zusammenzieht. Genauso funktioniert der umgekehrte Weg: Unsere K\u00f6rperhaltung, Mimik und Gestik beeinflussen unsere Stimmung.<\/span><span data-ccp-props=\"{}\">\u00a0<\/span><\/p>\n<p><span data-contrast=\"auto\">Unser K\u00f6rper ist Ausdruck, Resonanz und unmittelbarer Zugang zu unserem innersten Erleben. Gedanken und Emotionen spiegeln sich in unserer Haltung, Atmung und Bewegung. Umgekehrt k\u00f6nnen gezielte k\u00f6rperliche Impulse unser Denken, F\u00fchlen und Handeln nachhaltig und positiv ver\u00e4ndern. Embodiment steht f\u00fcr dieses Zusammenspiel von K\u00f6rper und Geist.<\/span><span data-ccp-props=\"{}\">\u00a0<\/span><\/p>\n<p><span data-contrast=\"auto\">Mentale Techniken helfen innere Klarheit, Fokus und neue Denkweisen zu entwickeln. Durch das bewusste Herbeif\u00fchren von inneren Bildern, Meditations\u00fcbungen und Achtsamkeitstraining\u00a0 steigern Konzentration und Kreativit\u00e4t.<\/span><span data-ccp-props=\"{}\">\u00a0<\/span><\/p>\n<p><span data-contrast=\"auto\">Die Verbindung von K\u00f6rper und Geist sorgt f\u00fcr mehr Pr\u00e4senz, Klarheit, innere Stabilit\u00e4t und Lebendigkeit. In achtsamer Begleitung lade ich Sie ein, sich selbst wieder tiefer zu sp\u00fcren, gewohnte Muster zu erkennen und neue Handlungsspielr\u00e4ume zu entdecken.<\/span><span data-ccp-props=\"{}\">\u00a0<\/span><\/p>\n<p><span data-contrast=\"auto\">Ob zur pers\u00f6nlichen Entwicklung, zur Stressreduktion oder als Begleitung in belastenden Lebensphasen \u2013 Embodiment &amp; mentales Training laden dazu ein, sich selbst neu zu erleben: pr\u00e4senter, stabiler und klarer.<\/span><span data-ccp-props=\"{}\">\u00a0<\/span><\/p>\n<p><span data-contrast=\"auto\">Die Workshops sind praxisnah, offen f\u00fcr alle und auch ohne Vorerfahrung gut zug\u00e4nglich.<\/span><span data-ccp-props=\"{}\">\u00a0<\/span><\/p>\n<p><b><span data-contrast=\"auto\">Sie sind eingeladen \u2013 zum Innehalten, Sp\u00fcren, Bewegen und Wachsen.<\/span><\/b><span data-ccp-props=\"{}\"><\/span><\/p>\n<p><strong><\/strong><\/p>\n<p><span data-ccp-props=\"{}\"><strong>Ausbildungen:<br \/><\/strong>Studium der Osteopathie mit Abschluss DO (International Academy of Osteopathy)<br \/>Ausbildung \u00a0Structural Bodywork bei Thomas Meyers<br \/>Diplom Mentaltrainer<br \/><\/span><\/p>\n<p>&nbsp;<\/p>\n<p>[\/et_pb_text][et_pb_video src=&#8220;https:\/\/hofwerkstatt.de\/video\/nikolaus.mp4&#8243; image_src=&#8220;https:\/\/hofwerkstatt.de\/wp-content\/uploads\/2025\/08\/videoframe_2399.png&#8220; play_icon_color=&#8220;#98846B&#8220; font_icon=&#8220;&#x3d;||divi||400&#8243; _builder_version=&#8220;4.27.4&#8243; _module_preset=&#8220;default&#8220; global_colors_info=&#8220;{}&#8220;][\/et_pb_video][\/et_pb_column][et_pb_column type=&#8220;2_5&#8243; _builder_version=&#8220;4.27.4&#8243; _module_preset=&#8220;default&#8220; background_color=&#8220;#FFFFFF&#8220; custom_padding=&#8220;39px|36px|47px|36px|false|true&#8220; box_shadow_style=&#8220;preset3&#8243; box_shadow_color=&#8220;rgba(0,0,0,0.1)&#8220; global_colors_info=&#8220;{}&#8220;][et_pb_text _builder_version=&#8220;4.27.4&#8243; _module_preset=&#8220;default&#8220; header_5_line_height=&#8220;1.3em&#8220; global_colors_info=&#8220;{}&#8220;]<\/p>\n<h5>Kontakt zur Kursanfrage<\/h5>\n<p>Nikolaus Gr\u00f6ber<span>,<br \/>OsteoMed Bochum<br \/>Hattinger Str. 819<br \/>44879 Bochum<br \/><\/span><\/p>\n<p><span>Telefon +491772146071<\/span><br \/><a href=\"mailto:groeber.osteopathie@gmail.com\">groeber.osteopathie@gmail.com<\/a><br \/><a href=\"https:\/\/www.osteomed-bochum.de\/\">OsteoMed Bochum | Osteopathie bei chronischen Schmerzen<\/a><\/p>\n<p>[\/et_pb_text][\/et_pb_column][\/et_pb_row][\/et_pb_section][et_pb_section fb_built=&#8220;1&#8243; _builder_version=&#8220;4.27.4&#8243; _module_preset=&#8220;default&#8220; global_colors_info=&#8220;{}&#8220;][et_pb_row _builder_version=&#8220;4.27.4&#8243; _module_preset=&#8220;default&#8220; global_colors_info=&#8220;{}&#8220;][et_pb_column type=&#8220;4_4&#8243; _builder_version=&#8220;4.27.4&#8243; _module_preset=&#8220;default&#8220; global_colors_info=&#8220;{}&#8220;][eventin_events etn_event_cat=&#8220;off|on|off|off|off&#8220; etn_event_tag=&#8220;off|off|off|off|off|off|off|off|off|off|off|off|off|off|on&#8220; order=&#8220;ASC&#8220; _builder_version=&#8220;4.27.5&#8243; _module_preset=&#8220;default&#8220; hover_enabled=&#8220;0&#8243; global_colors_info=&#8220;{}&#8220; filter_with_status=&#8220;upcoming&#8220; sticky_enabled=&#8220;0&#8243;][\/eventin_events][\/et_pb_column][\/et_pb_row][\/et_pb_section]<\/p>\n","protected":false},"excerpt":{"rendered":"<p>Leitung: Nikolaus Gr\u00f6berVerk\u00f6rperte Ver\u00e4nderung erleben\u00a0 Workshop:FR 6.2.2026 | 18-20 UhrFR 20.3.2026 | 18-20 UhrFR 8.5.2026 | 18-20 Uhrje 45 \u20ac K\u00f6rper und Psyche beeinflussen sich gegenseitig. Wir kennen das Gef\u00fchl, wenn Stress und psychische Belastung zu Kopfschmerzen f\u00fchren, das Herz schneller schlagen lassen, die Muskeln sich verkrampfen oder unser Magen sich zusammenzieht. Genauso funktioniert der [&hellip;]<\/p>\n","protected":false},"author":1,"featured_media":0,"parent":106570,"menu_order":0,"comment_status":"closed","ping_status":"closed","template":"","meta":{"_seopress_robots_primary_cat":"","_seopress_titles_title":"","_seopress_titles_desc":"","_seopress_robots_index":"","_et_pb_use_builder":"on","_et_pb_old_content":"","_et_gb_content_width":"","footnotes":""},"class_list":["post-107668","page","type-page","status-publish","hentry"],"_links":{"self":[{"href":"https:\/\/hofwerkstatt.de\/en\/wp-json\/wp\/v2\/pages\/107668","targetHints":{"allow":["GET"]}}],"collection":[{"href":"https:\/\/hofwerkstatt.de\/en\/wp-json\/wp\/v2\/pages"}],"about":[{"href":"https:\/\/hofwerkstatt.de\/en\/wp-json\/wp\/v2\/types\/page"}],"author":[{"embeddable":true,"href":"https:\/\/hofwerkstatt.de\/en\/wp-json\/wp\/v2\/users\/1"}],"replies":[{"embeddable":true,"href":"https:\/\/hofwerkstatt.de\/en\/wp-json\/wp\/v2\/comments?post=107668"}],"version-history":[{"count":9,"href":"https:\/\/hofwerkstatt.de\/en\/wp-json\/wp\/v2\/pages\/107668\/revisions"}],"predecessor-version":[{"id":107824,"href":"https:\/\/hofwerkstatt.de\/en\/wp-json\/wp\/v2\/pages\/107668\/revisions\/107824"}],"up":[{"embeddable":true,"href":"https:\/\/hofwerkstatt.de\/en\/wp-json\/wp\/v2\/pages\/106570"}],"wp:attachment":[{"href":"https:\/\/hofwerkstatt.de\/en\/wp-json\/wp\/v2\/media?parent=107668"}],"curies":[{"name":"wp","href":"https:\/\/api.w.org\/{rel}","templated":true}]}}