{"id":106870,"date":"2025-04-02T13:55:13","date_gmt":"2025-04-02T11:55:13","guid":{"rendered":"http:\/\/wordpress.hofwerkstatt.de\/?page_id=106870"},"modified":"2025-11-02T10:29:25","modified_gmt":"2025-11-02T09:29:25","slug":"herbstmarkt-artenvielfalt","status":"publish","type":"page","link":"https:\/\/hofwerkstatt.de\/en\/programme\/kunst-und-musikevents\/herbstmarkt-artenvielfalt\/","title":{"rendered":"Herbstmarkt ARTenVIELFALT"},"content":{"rendered":"<p>[et_pb_section fb_built=&#8220;1&#8243; _builder_version=&#8220;4.27.4&#8243; _module_preset=&#8220;default&#8220; background_enable_color=&#8220;off&#8220; background_image=&#8220;https:\/\/hofwerkstatt.de\/wp-content\/uploads\/2025\/02\/HWST.Eingang5.2011-scaled.jpg&#8220; background_position=&#8220;bottom_center&#8220; background_vertical_offset=&#8220;26%&#8220; custom_padding=&#8220;101px||108px|||&#8220; animation_style=&#8220;slide&#8220; animation_direction=&#8220;top&#8220; animation_duration=&#8220;1800ms&#8220; animation_delay=&#8220;10ms&#8220; animation_intensity_slide=&#8220;10%&#8220; saved_tabs=&#8220;all&#8220; global_colors_info=&#8220;{}&#8220;][et_pb_row _builder_version=&#8220;4.27.4&#8243; _module_preset=&#8220;default&#8220; animation_style=&#8220;slide&#8220; animation_direction=&#8220;right&#8220; animation_duration=&#8220;1800ms&#8220; animation_delay=&#8220;10ms&#8220; animation_intensity_slide=&#8220;10%&#8220; global_colors_info=&#8220;{}&#8220;][et_pb_column type=&#8220;4_4&#8243; _builder_version=&#8220;4.16&#8243; _module_preset=&#8220;default&#8220; global_colors_info=&#8220;{}&#8220;][et_pb_post_title meta=&#8220;off&#8220; featured_image=&#8220;off&#8220; _builder_version=&#8220;4.27.4&#8243; _module_preset=&#8220;default&#8220; title_text_color=&#8220;#FFFFFF&#8220; title_font_size=&#8220;50px&#8220; title_line_height=&#8220;1.2em&#8220; meta_text_color=&#8220;#FFFFFF&#8220; animation_direction=&#8220;right&#8220; hover_enabled=&#8220;0&#8243; title_font_size_tablet=&#8220;41px&#8220; title_font_size_phone=&#8220;25px&#8220; title_font_size_last_edited=&#8220;on|phone&#8220; title_text_shadow_style=&#8220;preset2&#8243; global_colors_info=&#8220;{}&#8220; sticky_enabled=&#8220;0&#8243;][\/et_pb_post_title][et_pb_dmb_breadcrumbs font_icon=&#8220;&#x39;||divi||400&#8243; use_home_icon=&#8220;off&#8220; use_home_text=&#8220;on&#8220; home_text=&#8220;zur Startseite&#8220; _builder_version=&#8220;4.16&#8243; _module_preset=&#8220;default&#8220; body_text_color=&#8220;#FFFFFF&#8220; body_font_size=&#8220;13px&#8220; separator_text_color=&#8220;#FFFFFF&#8220; link_text_color=&#8220;#FFFFFF&#8220; linkhover_text_color=&#8220;#0C71C3&#8243; body_font_size_tablet=&#8220;11px&#8220; body_font_size_phone=&#8220;&#8220; body_font_size_last_edited=&#8220;on|phone&#8220; global_colors_info=&#8220;{}&#8220;][\/et_pb_dmb_breadcrumbs][\/et_pb_column][\/et_pb_row][\/et_pb_section][et_pb_section fb_built=&#8220;1&#8243; _builder_version=&#8220;4.27.4&#8243; _module_preset=&#8220;default&#8220; global_colors_info=&#8220;{}&#8220;][et_pb_row column_structure=&#8220;1_4,3_4&#8243; _builder_version=&#8220;4.27.4&#8243; _module_preset=&#8220;default&#8220; global_colors_info=&#8220;{}&#8220;][et_pb_column type=&#8220;1_4&#8243; _builder_version=&#8220;4.27.4&#8243; _module_preset=&#8220;default&#8220; global_colors_info=&#8220;{}&#8220;][et_pb_video src=&#8220;https:\/\/hofwerkstatt.de\/video\/Herbstmarkt2025.mp4&#8243; play_icon_color=&#8220;#98846B&#8220; font_icon=&#8220;&#x49;||divi||400&#8243; _builder_version=&#8220;4.27.4&#8243; _module_preset=&#8220;default&#8220; global_colors_info=&#8220;{}&#8220;][\/et_pb_video][\/et_pb_column][et_pb_column type=&#8220;3_4&#8243; _builder_version=&#8220;4.27.4&#8243; _module_preset=&#8220;default&#8220; global_colors_info=&#8220;{}&#8220;][et_pb_text _builder_version=&#8220;4.27.4&#8243; _module_preset=&#8220;default&#8220; global_colors_info=&#8220;{}&#8220;]<\/p>\n<p><strong>SA | 8.11.2025 | 12-19 h<\/strong><br \/><strong>SO | 9.11.2025 | 11-18 h<\/strong><\/p>\n<p><span data-teams=\"true\">Zum 19. Mal findet bereits der Herbstmarkt mit K\u00fcnstlern wie Kunsthandwerkern der gesamten Ruhrgebietsregion statt: \u201eARTenVIELFALT\u201c pr\u00e4sentiert sich mit neun hochwertigen Gewerken in den atmosph\u00e4risch angenehmen R\u00e4umen der HOFWERKSTATT sowie im \u201eInnenhof der Sibyllastrasse 15\u201c<br \/><\/span>am Samstag, den 8. November von 12-19 Uhr<br \/><span data-teams=\"true\">und am Sonntag, den 9. November von 11-18 Uhr.\u00a0<\/span><\/p>\n<p><span data-teams=\"true\">Teilnehmende:<br \/><\/span><span data-teams=\"true\">Gabriele Musebrink &#8211; K\u00fcnstlerin \/ Leitung Hofwerkstatt+Kunstschule<br \/>Eva-Maria Wirth &#8211; Filz-\/Textilgestalterin<br \/>Andrea K\u00fcrvers &#8211; Modedesignerin<br \/>Regina Buchholz &#8211; Glasapparatebaumeisterin<br \/>Yvonne Peters &#8211; Goldschmiedemeisterin<br \/>Alexandra Lippert &#8211; Objektdesignerin<br \/>Hauke Helle &#8211; Holz und Metall<br \/>Christiane Feller &#8211; Lichtk\u00fcnstlerin<br \/>Verena Hinze &#8211; Papierwandlerin\u00a0<\/span><\/p>\n<p>[\/et_pb_text][\/et_pb_column][\/et_pb_row][et_pb_row _builder_version=&#8220;4.27.4&#8243; _module_preset=&#8220;default&#8220; global_colors_info=&#8220;{}&#8220;][et_pb_column type=&#8220;4_4&#8243; _builder_version=&#8220;4.27.4&#8243; _module_preset=&#8220;default&#8220; global_colors_info=&#8220;{}&#8220;][dnxte_masonary gallery_ids=&#8220;107758,107757,107756,107755,107754,107753,107752,107751,107750&#8243; gallery_orderby=&#8220;rand&#8220; dnxte_masonry_hvr_effect=&#8220;zoom-in&#8220; dnxte_show_title=&#8220;on&#8220; dnxte_columns_tablet=&#8220;3&#8243; dnxte_columns_phone=&#8220;1&#8243; dnxte_columns_last_edited=&#8220;on|tablet&#8220; _builder_version=&#8220;4.27.4&#8243; _module_preset=&#8220;default&#8220; global_colors_info=&#8220;{}&#8220;][\/dnxte_masonary][dnxte_thumbs_gallery_parent _builder_version=&#8220;4.27.4&#8243; _module_preset=&#8220;default&#8220; global_colors_info=&#8220;{}&#8220;][\/dnxte_thumbs_gallery_parent][dnxte_divider dnext_sid_use_icon=&#8220;on&#8220; dnext_sid_img=&#8220;https:\/\/hofwerkstatt.de\/wp-content\/uploads\/2025\/03\/LogoTeiler.png&#8220; dnext_sid_divider_style=&#8220;dotted&#8220; dnext_sid_divider_color=&#8220;#98846B&#8220; dnext_sid_divider_width=&#8220;1.5px&#8220; dnext_sid_divider_gap=&#8220;31px&#8220; _builder_version=&#8220;4.27.4&#8243; _module_preset=&#8220;default&#8220; locked=&#8220;off&#8220; global_colors_info=&#8220;{}&#8220;][\/dnxte_divider][\/et_pb_column][\/et_pb_row][\/et_pb_section][et_pb_section fb_built=&#8220;1&#8243; _builder_version=&#8220;4.27.4&#8243; _module_preset=&#8220;default&#8220; global_colors_info=&#8220;{}&#8220;][et_pb_row _builder_version=&#8220;4.27.4&#8243; _module_preset=&#8220;default&#8220; global_colors_info=&#8220;{}&#8220;][et_pb_column type=&#8220;4_4&#8243; _builder_version=&#8220;4.27.4&#8243; _module_preset=&#8220;default&#8220; global_colors_info=&#8220;{}&#8220;][eventin_events etn_event_cat=&#8220;off|off|off|on&#8220; etn_event_tag=&#8220;off|off|off|off|off|off|off|off|on&#8220; order=&#8220;ASC&#8220; _builder_version=&#8220;4.27.4&#8243; _module_preset=&#8220;default&#8220; global_colors_info=&#8220;{}&#8220;][\/eventin_events][\/et_pb_column][\/et_pb_row][\/et_pb_section]<\/p>\n","protected":false},"excerpt":{"rendered":"<p>SA | 8.11.2025 | 12-19 hSO | 9.11.2025 | 11-18 h Zum 19. Mal findet bereits der Herbstmarkt mit K\u00fcnstlern wie Kunsthandwerkern der gesamten Ruhrgebietsregion statt: \u201eARTenVIELFALT\u201c pr\u00e4sentiert sich mit neun hochwertigen Gewerken in den atmosph\u00e4risch angenehmen R\u00e4umen der HOFWERKSTATT sowie im \u201eInnenhof der Sibyllastrasse 15\u201cam Samstag, den 8. November von 12-19 Uhrund am Sonntag, [&hellip;]<\/p>\n","protected":false},"author":1,"featured_media":15,"parent":106772,"menu_order":0,"comment_status":"closed","ping_status":"closed","template":"","meta":{"_seopress_robots_primary_cat":"","_seopress_titles_title":"","_seopress_titles_desc":"","_seopress_robots_index":"","_et_pb_use_builder":"on","_et_pb_old_content":"<h5>Herbstmarkt ARTenVIELFALT<\/h5><p>SA | | 9.11.2024 | 12-19 h<br \/>SO | 10.11.2024 | 11-18 h<\/p><p>Zum 18. Mal findet bereits der Herbstmarkt mit K\u00fcnstlern wie Kunsthandwerkern der gesamten Ruhrgebietsregion statt: \u201eARTenVIELFALT\u201c pr\u00e4sentiert sich mit acht hochwertigen Gewerken in den atmosph\u00e4risch angenehmen R\u00e4umen der HOFWERKSTATT sowie im \u201eInnenhof der Sibyllastrasse 15\u201c am Samstag, den 9. November von 12-19 Uhr und am Sonntag, den 10. November von 11-18 Uhr.<\/p><p><a class=\"pdf Datei_Links\" title=\"Flyer ARTenVIELFALT als PDF lesen...\" href=\"https:\/\/www.hofwerkstatt.de\/pdf\/Socialmedia_Plakat_Artenvielfalt_24.jpg\" target=\"_blank\" rel=\"noopener\">zum Flyer ARTenVIELFALT<\/a><br \/><a class=\"pdf Datei_Links\" title=\"Video Herbstmarkt ARTenVIELFALT\" href=\"https:\/\/www.hofwerkstatt.de\/video\/ARTenVIELFALT%202024.mp4\" target=\"_blank\" rel=\"noopener\">Video Herbstmarkt ARTenVIELFALT<\/a><\/p>","_et_gb_content_width":"","footnotes":""},"class_list":["post-106870","page","type-page","status-publish","has-post-thumbnail","hentry"],"_links":{"self":[{"href":"https:\/\/hofwerkstatt.de\/en\/wp-json\/wp\/v2\/pages\/106870","targetHints":{"allow":["GET"]}}],"collection":[{"href":"https:\/\/hofwerkstatt.de\/en\/wp-json\/wp\/v2\/pages"}],"about":[{"href":"https:\/\/hofwerkstatt.de\/en\/wp-json\/wp\/v2\/types\/page"}],"author":[{"embeddable":true,"href":"https:\/\/hofwerkstatt.de\/en\/wp-json\/wp\/v2\/users\/1"}],"replies":[{"embeddable":true,"href":"https:\/\/hofwerkstatt.de\/en\/wp-json\/wp\/v2\/comments?post=106870"}],"version-history":[{"count":8,"href":"https:\/\/hofwerkstatt.de\/en\/wp-json\/wp\/v2\/pages\/106870\/revisions"}],"predecessor-version":[{"id":107800,"href":"https:\/\/hofwerkstatt.de\/en\/wp-json\/wp\/v2\/pages\/106870\/revisions\/107800"}],"up":[{"embeddable":true,"href":"https:\/\/hofwerkstatt.de\/en\/wp-json\/wp\/v2\/pages\/106772"}],"wp:featuredmedia":[{"embeddable":true,"href":"https:\/\/hofwerkstatt.de\/en\/wp-json\/wp\/v2\/media\/15"}],"wp:attachment":[{"href":"https:\/\/hofwerkstatt.de\/en\/wp-json\/wp\/v2\/media?parent=106870"}],"curies":[{"name":"wp","href":"https:\/\/api.w.org\/{rel}","templated":true}]}}