{"id":106748,"date":"2025-03-26T13:51:25","date_gmt":"2025-03-26T12:51:25","guid":{"rendered":"http:\/\/wordpress.hofwerkstatt.de\/?page_id=106748"},"modified":"2026-01-12T12:45:59","modified_gmt":"2026-01-12T11:45:59","slug":"beratung-und-coaching","status":"publish","type":"page","link":"https:\/\/hofwerkstatt.de\/en\/programme\/beratung-und-coaching\/","title":{"rendered":"Beratung und Coaching"},"content":{"rendered":"<p>[et_pb_section fb_built=&#8220;1&#8243; _builder_version=&#8220;4.27.4&#8243; _module_preset=&#8220;default&#8220; background_enable_color=&#8220;off&#8220; background_image=&#8220;https:\/\/hofwerkstatt.de\/wp-content\/uploads\/2025\/04\/BeratungUndCoaching-scaled.jpeg&#8220; background_position=&#8220;bottom_center&#8220; background_vertical_offset=&#8220;22%&#8220; custom_padding=&#8220;101px||108px|||&#8220; saved_tabs=&#8220;all&#8220; global_colors_info=&#8220;{}&#8220;][et_pb_row _builder_version=&#8220;4.16&#8243; _module_preset=&#8220;default&#8220; global_colors_info=&#8220;{}&#8220;][et_pb_column type=&#8220;4_4&#8243; _builder_version=&#8220;4.16&#8243; _module_preset=&#8220;default&#8220; global_colors_info=&#8220;{}&#8220;][et_pb_post_title meta=&#8220;off&#8220; featured_image=&#8220;off&#8220; _builder_version=&#8220;4.27.4&#8243; _module_preset=&#8220;default&#8220; title_font=&#8220;&#8211;et_global_heading_font|300|||||||&#8220; title_text_color=&#8220;#FFFFFF&#8220; title_font_size=&#8220;60px&#8220; title_line_height=&#8220;1.2em&#8220; meta_text_color=&#8220;#FFFFFF&#8220; title_font_size_tablet=&#8220;49px&#8220; title_font_size_phone=&#8220;26px&#8220; title_font_size_last_edited=&#8220;on|tablet&#8220; title_text_shadow_style=&#8220;preset2&#8243; global_colors_info=&#8220;{}&#8220;][\/et_pb_post_title][et_pb_dmb_breadcrumbs font_icon=&#8220;&#x39;||divi||400&#8243; use_home_icon=&#8220;off&#8220; use_home_text=&#8220;on&#8220; home_text=&#8220;zur Startseite&#8220; _builder_version=&#8220;4.16&#8243; _module_preset=&#8220;default&#8220; body_text_color=&#8220;#FFFFFF&#8220; body_font_size=&#8220;13px&#8220; separator_text_color=&#8220;#FFFFFF&#8220; link_text_color=&#8220;#FFFFFF&#8220; linkhover_text_color=&#8220;#0C71C3&#8243; body_font_size_tablet=&#8220;11px&#8220; body_font_size_phone=&#8220;&#8220; body_font_size_last_edited=&#8220;on|phone&#8220; global_colors_info=&#8220;{}&#8220;][\/et_pb_dmb_breadcrumbs][\/et_pb_column][\/et_pb_row][\/et_pb_section][et_pb_section fb_built=&#8220;1&#8243; _builder_version=&#8220;4.27.4&#8243; _module_preset=&#8220;default&#8220; global_colors_info=&#8220;{}&#8220;][et_pb_row column_structure=&#8220;2_5,3_5&#8243; _builder_version=&#8220;4.27.4&#8243; _module_preset=&#8220;default&#8220; global_colors_info=&#8220;{}&#8220;][et_pb_column type=&#8220;2_5&#8243; _builder_version=&#8220;4.27.4&#8243; _module_preset=&#8220;default&#8220; global_colors_info=&#8220;{}&#8220;][et_pb_image src=&#8220;https:\/\/hofwerkstatt.de\/wp-content\/uploads\/2025\/03\/image013-scaled.jpg&#8220; title_text=&#8220;image013&#8243; _builder_version=&#8220;4.27.4&#8243; _module_preset=&#8220;default&#8220; global_colors_info=&#8220;{}&#8220;][\/et_pb_image][et_pb_text _builder_version=&#8220;4.27.4&#8243; _module_preset=&#8220;default&#8220; global_colors_info=&#8220;{}&#8220;]<\/p>\n<h4>Kontakt zur Terminanfrage<\/h4>\n<p>Telefon 0049.201.99979781<br \/><a class=\"Brief_Links\" href=\"mailto:gabi-wrona@gespraechbereit.de?subject=Anfrage%20-%20Gespr%C3%A4chbereich%20\/%20Therapie%20und%20Beratung\">gabi-wrona@gespraechbereit.de<\/a><br \/>Link zur Website\u00a0<a href=\"http:\/\/www.gespraechbereit.de\/\" target=\"_blank\" rel=\"noopener\">www.gespraechbereit.de<\/a><\/p>\n<p>[\/et_pb_text][\/et_pb_column][et_pb_column type=&#8220;3_5&#8243; _builder_version=&#8220;4.27.4&#8243; _module_preset=&#8220;default&#8220; global_colors_info=&#8220;{}&#8220;][et_pb_text _builder_version=&#8220;4.27.4&#8243; _module_preset=&#8220;default&#8220; header_line_height=&#8220;1.2em&#8220; global_colors_info=&#8220;{}&#8220;]<\/p>\n<h1 class=\"etn-event-entry-title\">Gespr\u00e4chbereit \u2013 Therapie und Beratung<\/h1>\n<p>[\/et_pb_text][et_pb_text _builder_version=&#8220;4.27.5&#8243; _module_preset=&#8220;default&#8220; hover_enabled=&#8220;0&#8243; global_colors_info=&#8220;{}&#8220; sticky_enabled=&#8220;0&#8243;]<\/p>\n<h5>Gabi Wrona<\/h5>\n<p>Seit 1986 arbeite ich in einer Kinderklinik als examinierte Kinderkrankenschwester.<br \/>Die Pr\u00fcfung zur Heilpraktikerin f\u00fcr Psychotherapie (Gesundheitsamt Essen) und die Ausbildung zur Psychologischen Beraterin habe ich berufsbegleitend an der Akademie f\u00fcr Lebens- und Heilweisen, Haan\u00a0<a href=\"http:\/\/www.alh-akademie.de\/\" target=\"_blank\" rel=\"noopener\">ALH<\/a>, absolviert.<br \/>Die Ausbildungen in Gespr\u00e4chsf\u00fchrung nach Carl Rogers und zur Kinderentspannungstrainerin habe ich an der\u00a0<a href=\"http:\/\/www.paracelsus.de\/\" target=\"_blank\" rel=\"noopener\">Deutschen Paracelsus Schule<\/a>\u00a0in Essen abgeschlossen.<br \/>Das Zertifikat vom\u00a0<a href=\"http:\/\/dvnlp.de\/\" target=\"_blank\" rel=\"noopener\">DVNLP<\/a>\u00a0zum NLP Practitioner und NLP Master habe ich in Bochum \u00fcber\u00a0<a href=\"http:\/\/www.meavoss-nlp.de\/\" target=\"_blank\" rel=\"noopener\">Mea Vo\u00df Seminare<\/a>\u00a0erworben.<br \/>Als Mitglied im\u00a0<a href=\"http:\/\/www.vfp.de\/\" target=\"_blank\" rel=\"noopener\">VFP<\/a>\u00a0(Verband freier Psychotherapeuten) erhalte ich gute M\u00f6glichkeiten der Fort- und Weiterbildung und halte mich damit auf einem guten und f\u00fcr Sie wichtigen Qualit\u00e4tsstandard.<\/p>\n<div id=\"contentSpalteInnerIndex\">\n<p>Ich biete Ihnen psychologische Beratung\/Therapie nach Carl Rogers. Rogers sieht den Menschen in seiner Ganzheitlichkeit und geht personenorientiert und \u2013 zentriert vor.<br \/>Den Wunsch einer emotionalen und psychischen Versorgung k\u00f6nnen Sie sich erf\u00fcllen. Sie arbeiten im Hier und Jetzt, finden neue M\u00f6glichkeiten, mit der derzeitigen Situation zu leben, bestimmte Alltagssituationen zu entsch\u00e4rfen oder sie aktualisieren ihre derzeitigen Strukturen.<br \/>Als ausgebildete Heilpraktikerin f\u00fcr Psychotherapie biete ich Ihnen die M\u00f6glichkeit durch Gespr\u00e4che und durch ein auf Sie abgestimmtes Coaching, ihre Ressourcen zu erkennen und mit diesen zu arbeiten. Durch den personenorientierten und auf Sie zentrierten Ansatz arbeiten Sie direkt an Ihren Problemen.<br \/>Unsere Gespr\u00e4che bleiben vertraulich, da ich der Schweigepflicht Ihnen gegen\u00fcber verpflichtet bin.<\/p>\n<\/div>\n<p>[\/et_pb_text][\/et_pb_column][\/et_pb_row][et_pb_row _builder_version=&#8220;4.27.5&#8243; _module_preset=&#8220;default&#8220;][et_pb_column _builder_version=&#8220;4.27.5&#8243; _module_preset=&#8220;default&#8220; type=&#8220;4_4&#8243;][dnxte_divider dnext_sid_use_icon=&#8220;on&#8220; dnext_sid_img=&#8220;https:\/\/hofwerkstatt.de\/wp-content\/uploads\/2025\/03\/LogoTeiler.png&#8220; dnext_sid_divider_style=&#8220;dotted&#8220; dnext_sid_divider_color=&#8220;#98846B&#8220; dnext_sid_divider_width=&#8220;1.5px&#8220; dnext_sid_divider_gap=&#8220;31px&#8220; _builder_version=&#8220;4.27.4&#8243; _module_preset=&#8220;default&#8220; locked=&#8220;off&#8220; global_colors_info=&#8220;{}&#8220; theme_builder_area=&#8220;post_content&#8220;][\/dnxte_divider][et_pb_text _builder_version=&#8220;4.27.5&#8243; _module_preset=&#8220;default&#8220; hover_enabled=&#8220;0&#8243; sticky_enabled=&#8220;0&#8243;]<\/p>\n<h1>Vision Board Workshop \u2013 Erstelle eine Collage deiner W\u00fcnsche und Ziele<\/h1>\n<p>[\/et_pb_text][et_pb_text _builder_version=&#8220;4.27.5&#8243; _module_preset=&#8220;default&#8220; hover_enabled=&#8220;0&#8243; sticky_enabled=&#8220;0&#8243;]<\/p>\n<h5>Susanne Schlarb<\/h5>\n<p>Hast du W\u00fcnsche, Ziele oder Tr\u00e4ume, die du verwirklichen m\u00f6chtest &#8211; aber dir fehlt der Fokus oder ein klarer Startpunkt?<br \/>In meinem Vision Board Workshop nimmst du dir bewusst Zeit deine Visionen zu visualisieren und zu manifestieren. Gemeinsam erschaffen wir ein kraftvolles Vision Board.<\/p>\n<p>[\/et_pb_text][eventin_events _builder_version=&#8220;4.27.5&#8243; _module_preset=&#8220;default&#8220; etn_event_tag=&#8220;off|off|off|off|off|off|off|off|off|off|off|off|off|off|off|on|off|off&#8220; order=&#8220;ASC&#8220; hover_enabled=&#8220;0&#8243; sticky_enabled=&#8220;0&#8243;][\/eventin_events][\/et_pb_column][\/et_pb_row][\/et_pb_section]<\/p>\n","protected":false},"excerpt":{"rendered":"<p>Kontakt zur Terminanfrage Telefon 0049.201.99979781gabi-wrona@gespraechbereit.deLink zur Website\u00a0www.gespraechbereit.deGespr\u00e4chbereit \u2013 Therapie und BeratungGabi Wrona Seit 1986 arbeite ich in einer Kinderklinik als examinierte Kinderkrankenschwester.Die Pr\u00fcfung zur Heilpraktikerin f\u00fcr Psychotherapie (Gesundheitsamt Essen) und die Ausbildung zur Psychologischen Beraterin habe ich berufsbegleitend an der Akademie f\u00fcr Lebens- und Heilweisen, Haan\u00a0ALH, absolviert.Die Ausbildungen in Gespr\u00e4chsf\u00fchrung nach Carl Rogers und zur [&hellip;]<\/p>\n","protected":false},"author":1,"featured_media":0,"parent":77,"menu_order":0,"comment_status":"closed","ping_status":"closed","template":"","meta":{"_seopress_robots_primary_cat":"","_seopress_titles_title":"","_seopress_titles_desc":"","_seopress_robots_index":"","_et_pb_use_builder":"on","_et_pb_old_content":"","_et_gb_content_width":"","footnotes":""},"class_list":["post-106748","page","type-page","status-publish","hentry"],"_links":{"self":[{"href":"https:\/\/hofwerkstatt.de\/en\/wp-json\/wp\/v2\/pages\/106748","targetHints":{"allow":["GET"]}}],"collection":[{"href":"https:\/\/hofwerkstatt.de\/en\/wp-json\/wp\/v2\/pages"}],"about":[{"href":"https:\/\/hofwerkstatt.de\/en\/wp-json\/wp\/v2\/types\/page"}],"author":[{"embeddable":true,"href":"https:\/\/hofwerkstatt.de\/en\/wp-json\/wp\/v2\/users\/1"}],"replies":[{"embeddable":true,"href":"https:\/\/hofwerkstatt.de\/en\/wp-json\/wp\/v2\/comments?post=106748"}],"version-history":[{"count":6,"href":"https:\/\/hofwerkstatt.de\/en\/wp-json\/wp\/v2\/pages\/106748\/revisions"}],"predecessor-version":[{"id":108046,"href":"https:\/\/hofwerkstatt.de\/en\/wp-json\/wp\/v2\/pages\/106748\/revisions\/108046"}],"up":[{"embeddable":true,"href":"https:\/\/hofwerkstatt.de\/en\/wp-json\/wp\/v2\/pages\/77"}],"wp:attachment":[{"href":"https:\/\/hofwerkstatt.de\/en\/wp-json\/wp\/v2\/media?parent=106748"}],"curies":[{"name":"wp","href":"https:\/\/api.w.org\/{rel}","templated":true}]}}