{"id":106572,"date":"2025-03-26T11:16:56","date_gmt":"2025-03-26T10:16:56","guid":{"rendered":"http:\/\/wordpress.hofwerkstatt.de\/?page_id=106572"},"modified":"2026-01-12T12:21:28","modified_gmt":"2026-01-12T11:21:28","slug":"gabriele-musebrink-frauentreffen","status":"publish","type":"page","link":"https:\/\/hofwerkstatt.de\/en\/programme\/bewusstseinsarbeit\/gabriele-musebrink-frauentreffen\/","title":{"rendered":"Gabriele Musebrink &#8211; Frauentreffen"},"content":{"rendered":"<p>[et_pb_section fb_built=&#8220;1&#8243; _builder_version=&#8220;4.27.4&#8243; _module_preset=&#8220;default&#8220; background_enable_color=&#8220;off&#8220; background_image=&#8220;https:\/\/hofwerkstatt.de\/wp-content\/uploads\/2025\/04\/Dao_013.jpg&#8220; background_position=&#8220;bottom_center&#8220; background_vertical_offset=&#8220;41%&#8220; custom_padding=&#8220;101px||108px|||&#8220; animation_style=&#8220;slide&#8220; animation_direction=&#8220;top&#8220; animation_duration=&#8220;1800ms&#8220; animation_delay=&#8220;10ms&#8220; animation_intensity_slide=&#8220;10%&#8220; saved_tabs=&#8220;all&#8220; global_colors_info=&#8220;{}&#8220;][et_pb_row _builder_version=&#8220;4.27.4&#8243; _module_preset=&#8220;default&#8220; animation_style=&#8220;slide&#8220; animation_direction=&#8220;right&#8220; animation_duration=&#8220;1800ms&#8220; animation_delay=&#8220;10ms&#8220; animation_intensity_slide=&#8220;10%&#8220; global_colors_info=&#8220;{}&#8220;][et_pb_column type=&#8220;4_4&#8243; _builder_version=&#8220;4.16&#8243; _module_preset=&#8220;default&#8220; global_colors_info=&#8220;{}&#8220;][et_pb_post_title meta=&#8220;off&#8220; featured_image=&#8220;off&#8220; _builder_version=&#8220;4.27.4&#8243; _module_preset=&#8220;default&#8220; title_font=&#8220;&#8211;et_global_heading_font|300|||||||&#8220; title_text_color=&#8220;#FFFFFF&#8220; title_font_size=&#8220;60px&#8220; title_line_height=&#8220;1.2em&#8220; meta_text_color=&#8220;#FFFFFF&#8220; title_font_size_tablet=&#8220;49px&#8220; title_font_size_phone=&#8220;26px&#8220; title_font_size_last_edited=&#8220;on|tablet&#8220; title_text_shadow_style=&#8220;preset2&#8243; global_colors_info=&#8220;{}&#8220;][\/et_pb_post_title][et_pb_dmb_breadcrumbs font_icon=&#8220;&#x39;||divi||400&#8243; use_home_icon=&#8220;off&#8220; use_home_text=&#8220;on&#8220; home_text=&#8220;zur Startseite&#8220; _builder_version=&#8220;4.16&#8243; _module_preset=&#8220;default&#8220; body_text_color=&#8220;#FFFFFF&#8220; body_font_size=&#8220;13px&#8220; separator_text_color=&#8220;#FFFFFF&#8220; link_text_color=&#8220;#FFFFFF&#8220; linkhover_text_color=&#8220;#0C71C3&#8243; body_font_size_tablet=&#8220;11px&#8220; body_font_size_phone=&#8220;&#8220; body_font_size_last_edited=&#8220;on|phone&#8220; global_colors_info=&#8220;{}&#8220;][\/et_pb_dmb_breadcrumbs][\/et_pb_column][\/et_pb_row][\/et_pb_section][et_pb_section fb_built=&#8220;1&#8243; _builder_version=&#8220;4.27.4&#8243; _module_preset=&#8220;default&#8220; background_color=&#8220;rgba(152,132,107,0.08)&#8220; custom_margin=&#8220;||-2px|||&#8220; global_colors_info=&#8220;{}&#8220;][et_pb_row column_structure=&#8220;2_3,1_3&#8243; _builder_version=&#8220;4.27.4&#8243; _module_preset=&#8220;default&#8220; global_colors_info=&#8220;{}&#8220;][et_pb_column type=&#8220;2_3&#8243; _builder_version=&#8220;4.27.4&#8243; _module_preset=&#8220;default&#8220; global_colors_info=&#8220;{}&#8220;][et_pb_text _builder_version=&#8220;4.27.5&#8243; _module_preset=&#8220;default&#8220; hover_enabled=&#8220;0&#8243; global_colors_info=&#8220;{}&#8220; sticky_enabled=&#8220;0&#8243;]<\/p>\n<blockquote>\n<p>Sein mit dem, was ist. Dies ist die Herausforderung im t\u00e4glichen Leben. Und sich darauf einlassen zu k\u00f6nnen, hei\u00dft \u201ain Frieden kommen\u2019. Es ist eine transformatorische Kraft. Ich bezeichne es als die gr\u00f6\u00dfte Revolution, die passieren kann. Sie f\u00e4ngt bei einem selbst an.<\/p>\n<p>&nbsp;<\/p>\n<p>It is the inner peace what life is asking for.<\/p>\n<p>That\u2019s the point \u2026<br \/>It is the wisdom of all: trust and love are the leaders through the tortuous path of life.<br \/>Deep inside is the calm view of all. Not much spectacular that all.<\/p>\n<\/blockquote>\n<p>Gabriele Musebrink<\/p>\n<p><strong>SO \/ MO \/ MI jeweils von 19.30-21.30 h<\/strong><br \/><strong>Termine: 18.1. | 25.2 | 25.3 | 29.5. | 8.6 | 13.7 | 16.9 | 14.10 | 9.12.2026<\/strong><\/p>\n<p>Diese Treffen sind offen f\u00fcr jede Frau. Die Hauptsequenz unserer Treffen ist eine lange Eingangsmeditation, die in den Wurzeln in den Meditationsformen des Zen, der Modernen Meditation von Manuel Schoch und den Meditationen nach Dr. Joe Dispenza zu Hause ist. Danach findet ein Austausch statt.<\/p>\n<p>[\/et_pb_text][\/et_pb_column][et_pb_column type=&#8220;1_3&#8243; _builder_version=&#8220;4.27.4&#8243; _module_preset=&#8220;default&#8220; background_color=&#8220;#FFFFFF&#8220; custom_padding=&#8220;39px|36px|47px|36px|false|true&#8220; box_shadow_style=&#8220;preset3&#8243; box_shadow_color=&#8220;rgba(0,0,0,0.1)&#8220; global_colors_info=&#8220;{}&#8220;][et_pb_text _builder_version=&#8220;4.27.4&#8243; _module_preset=&#8220;default&#8220; header_5_line_height=&#8220;1.3em&#8220; locked=&#8220;off&#8220; global_colors_info=&#8220;{}&#8220;]<\/p>\n<h5>Kontakt zur Kursanfrage<\/h5>\n<p>Gabriele Musebrink<br \/>Telefon 0049.201.26 57 67<br \/><a href=\"mailto:mail@hofwerkstatt.de?subject=Anfrage%20-%20Frauentreffen\" class=\"Brief_Links\">mail@hofwerkstatt.de<\/a><\/p>\n<p>[\/et_pb_text][\/et_pb_column][\/et_pb_row][\/et_pb_section][et_pb_section fb_built=&#8220;1&#8243; _builder_version=&#8220;4.27.4&#8243; _module_preset=&#8220;default&#8220; custom_padding=&#8220;10px|||||&#8220; global_colors_info=&#8220;{}&#8220;][et_pb_row _builder_version=&#8220;4.27.4&#8243; _module_preset=&#8220;default&#8220; global_colors_info=&#8220;{}&#8220;][et_pb_column type=&#8220;4_4&#8243; _builder_version=&#8220;4.27.4&#8243; _module_preset=&#8220;default&#8220; global_colors_info=&#8220;{}&#8220;][et_pb_text _builder_version=&#8220;4.27.4&#8243; _module_preset=&#8220;default&#8220; global_colors_info=&#8220;{}&#8220;]<\/p>\n<h2>N\u00e4chste Frauentreffen<\/h2>\n<p>[\/et_pb_text][eventin_events etn_event_cat=&#8220;off|on&#8220; etn_event_tag=&#8220;on|off&#8220; etn_event_count=&#8220;10&#8243; orderby=&#8220;etn_start_date&#8220; order=&#8220;ASC&#8220; _builder_version=&#8220;4.27.5&#8243; _module_preset=&#8220;default&#8220; hover_enabled=&#8220;0&#8243; global_colors_info=&#8220;{}&#8220; sticky_enabled=&#8220;0&#8243;][\/eventin_events][\/et_pb_column][\/et_pb_row][\/et_pb_section]<\/p>\n","protected":false},"excerpt":{"rendered":"<p>Sein mit dem, was ist. Dies ist die Herausforderung im t\u00e4glichen Leben. Und sich darauf einlassen zu k\u00f6nnen, hei\u00dft \u201ain Frieden kommen\u2019. Es ist eine transformatorische Kraft. Ich bezeichne es als die gr\u00f6\u00dfte Revolution, die passieren kann. Sie f\u00e4ngt bei einem selbst an. &nbsp; It is the inner peace what life is asking for. That\u2019s [&hellip;]<\/p>\n","protected":false},"author":1,"featured_media":0,"parent":106570,"menu_order":0,"comment_status":"closed","ping_status":"closed","template":"","meta":{"_seopress_robots_primary_cat":"","_seopress_titles_title":"","_seopress_titles_desc":"","_seopress_robots_index":"","_et_pb_use_builder":"on","_et_pb_old_content":"","_et_gb_content_width":"","footnotes":""},"class_list":["post-106572","page","type-page","status-publish","hentry"],"_links":{"self":[{"href":"https:\/\/hofwerkstatt.de\/en\/wp-json\/wp\/v2\/pages\/106572","targetHints":{"allow":["GET"]}}],"collection":[{"href":"https:\/\/hofwerkstatt.de\/en\/wp-json\/wp\/v2\/pages"}],"about":[{"href":"https:\/\/hofwerkstatt.de\/en\/wp-json\/wp\/v2\/types\/page"}],"author":[{"embeddable":true,"href":"https:\/\/hofwerkstatt.de\/en\/wp-json\/wp\/v2\/users\/1"}],"replies":[{"embeddable":true,"href":"https:\/\/hofwerkstatt.de\/en\/wp-json\/wp\/v2\/comments?post=106572"}],"version-history":[{"count":1,"href":"https:\/\/hofwerkstatt.de\/en\/wp-json\/wp\/v2\/pages\/106572\/revisions"}],"predecessor-version":[{"id":108043,"href":"https:\/\/hofwerkstatt.de\/en\/wp-json\/wp\/v2\/pages\/106572\/revisions\/108043"}],"up":[{"embeddable":true,"href":"https:\/\/hofwerkstatt.de\/en\/wp-json\/wp\/v2\/pages\/106570"}],"wp:attachment":[{"href":"https:\/\/hofwerkstatt.de\/en\/wp-json\/wp\/v2\/media?parent=106572"}],"curies":[{"name":"wp","href":"https:\/\/api.w.org\/{rel}","templated":true}]}}