{"id":106570,"date":"2025-03-26T11:15:13","date_gmt":"2025-03-26T10:15:13","guid":{"rendered":"http:\/\/wordpress.hofwerkstatt.de\/?page_id=106570"},"modified":"2025-04-17T14:09:54","modified_gmt":"2025-04-17T12:09:54","slug":"bewusstseinsarbeit","status":"publish","type":"page","link":"https:\/\/hofwerkstatt.de\/en\/programme\/bewusstseinsarbeit\/","title":{"rendered":"Bewusstseinsarbeit"},"content":{"rendered":"<p>[et_pb_section fb_built=&#8220;1&#8243; _builder_version=&#8220;4.27.4&#8243; _module_preset=&#8220;default&#8220; background_enable_color=&#8220;off&#8220; background_image=&#8220;https:\/\/hofwerkstatt.de\/wp-content\/uploads\/2025\/04\/Haiku-scaled.jpeg&#8220; background_position=&#8220;bottom_center&#8220; custom_padding=&#8220;101px||108px|||&#8220; saved_tabs=&#8220;all&#8220; global_colors_info=&#8220;{}&#8220;][et_pb_row _builder_version=&#8220;4.16&#8243; _module_preset=&#8220;default&#8220; global_colors_info=&#8220;{}&#8220;][et_pb_column type=&#8220;4_4&#8243; _builder_version=&#8220;4.16&#8243; _module_preset=&#8220;default&#8220; global_colors_info=&#8220;{}&#8220;][et_pb_post_title meta=&#8220;off&#8220; featured_image=&#8220;off&#8220; _builder_version=&#8220;4.27.4&#8243; _module_preset=&#8220;default&#8220; title_font=&#8220;&#8211;et_global_heading_font|300|||||||&#8220; title_text_color=&#8220;#FFFFFF&#8220; title_font_size=&#8220;60px&#8220; title_line_height=&#8220;1.2em&#8220; meta_text_color=&#8220;#FFFFFF&#8220; title_font_size_tablet=&#8220;49px&#8220; title_font_size_phone=&#8220;26px&#8220; title_font_size_last_edited=&#8220;on|tablet&#8220; title_text_shadow_style=&#8220;preset2&#8243; global_colors_info=&#8220;{}&#8220;][\/et_pb_post_title][et_pb_dmb_breadcrumbs font_icon=&#8220;&#x39;||divi||400&#8243; use_home_icon=&#8220;off&#8220; use_home_text=&#8220;on&#8220; home_text=&#8220;zur Startseite&#8220; _builder_version=&#8220;4.16&#8243; _module_preset=&#8220;default&#8220; body_text_color=&#8220;#FFFFFF&#8220; body_font_size=&#8220;13px&#8220; separator_text_color=&#8220;#FFFFFF&#8220; link_text_color=&#8220;#FFFFFF&#8220; linkhover_text_color=&#8220;#0C71C3&#8243; body_font_size_tablet=&#8220;11px&#8220; body_font_size_phone=&#8220;&#8220; body_font_size_last_edited=&#8220;on|phone&#8220; global_colors_info=&#8220;{}&#8220;][\/et_pb_dmb_breadcrumbs][\/et_pb_column][\/et_pb_row][\/et_pb_section][et_pb_section fb_built=&#8220;1&#8243; _builder_version=&#8220;4.27.4&#8243; _module_preset=&#8220;default&#8220; global_colors_info=&#8220;{}&#8220;][et_pb_row _builder_version=&#8220;4.27.4&#8243; _module_preset=&#8220;default&#8220; global_colors_info=&#8220;{}&#8220;][et_pb_column type=&#8220;4_4&#8243; _builder_version=&#8220;4.27.4&#8243; _module_preset=&#8220;default&#8220; global_colors_info=&#8220;{}&#8220;][eventin_events etn_event_cat=&#8220;off|on&#8220; orderby=&#8220;etn_start_date&#8220; order=&#8220;ASC&#8220; _builder_version=&#8220;4.27.4&#8243; _module_preset=&#8220;default&#8220; global_colors_info=&#8220;{}&#8220;][\/eventin_events][\/et_pb_column][\/et_pb_row][\/et_pb_section]<\/p>\n","protected":false},"excerpt":{"rendered":"<div class=\"et_pb_module eventin_events eventin_events_0\">\n\t\t\t\t\n\t\t\t\t\n\t\t\t\t\n\t\t\t\t\n\t\t\t\t\n\t\t\t\t\n\t\t\t\t<div class=\"et_pb_module_inner\">\n\t\t\t\t\t<div class='etn-row etn-event-wrapper'>\n        <div class=\"etn-col-md-6 etn-col-lg-20\">\n        <div class=\"etn-event-item\">\n            <!-- thumbnail -->\n            <div class=\"etn-event-thumb\">\n                                    <a\n                        href=\"https:\/\/hofwerkstatt.de\/en\/programm\/embodiment-mentales-training-copy\/\"\n                        aria-label=\"\"\n                    >\n                        <img decoding=\"async\" src=\"https:\/\/hofwerkstatt.de\/wp-content\/uploads\/2025\/07\/IMG_1623-Webseite-Hofwerkstatt-scaled.jpg\" alt=\"Image\">\n                    <\/a>\n                \n                <div class=\"etn-event-category\">\n                    <span>Bewusstseinsarbeit<\/span>                 <\/div>\n                            <\/div>\n            <!-- thumbnail start-->\n\n            <!-- content start-->\n            <div class=\"etn-event-content\">\n                                                            <div class=\"etn-event-location\">\n                            <i class=\"etn-icon etn-location\"><\/i>\n                            Sibyllastr. 15 | 45136 Essen | N\u00e4he S-Bf. S\u00fcd                        <\/div>\n                    \n                \n                <h3 class=\"etn-title etn-event-title\"><a href=\"https:\/\/hofwerkstatt.de\/en\/programm\/embodiment-mentales-training-copy\/\">\n                    Embodiment &#038; Mentales Training<\/a>\n                <\/h3>\n                                    <p>\n                        Leitung: Nikolaus Gr\u00f6ber Verk\u00f6rperte Ver\u00e4nderung erleben\u00a0 Workshop: FR 6.2.2026 | 18-20 Uhr | 45,-\u20ac\u00a0 K\u00f6rper und Psyche beeinflussen sich gegenseitig.                    <\/p>\n                \n                <div class=\"etn-event-footer\">\n                    <div class=\"etn-event-date\">\n                        \t\t\t<span>\n\t\t\t\t<i class=\"etn-icon etn-calendar\"><\/i>\n\t\t\t\t6 February, 2026\t\t\t<\/span>\n\t\t                    <\/div>\n                    <div class=\"etn-atend-btn\">\n                                                <a href=\"#\"  class=\"etn-btn etn-btn-border etn-event-expired\">Expired! <\/a>\n                                            <\/div>\n                <\/div>\n            <\/div>\n                        <!-- content end-->\n        <\/div>\n        <!-- etn event item end-->\n    <\/div>\n        <div class=\"etn-col-md-6 etn-col-lg-20\">\n        <div class=\"etn-event-item\">\n            <!-- thumbnail -->\n            <div class=\"etn-event-thumb\">\n                                    <a\n                        href=\"https:\/\/hofwerkstatt.de\/en\/programm\/moderne-meditation-frauentreffen\/moderne-meditation-frauentreffen-2\/\"\n                        aria-label=\"\"\n                    >\n                        <img decoding=\"async\" src=\"https:\/\/hofwerkstatt.de\/wp-content\/uploads\/2025\/04\/Frauengruppe.jpg\" alt=\"Image\">\n                    <\/a>\n                \n                <div class=\"etn-event-category\">\n                    <span>Bewusstseinsarbeit<\/span>                 <\/div>\n                            <\/div>\n            <!-- thumbnail start-->\n\n            <!-- content start-->\n            <div class=\"etn-event-content\">\n                                                            <div class=\"etn-event-location\">\n                            <i class=\"etn-icon etn-location\"><\/i>\n                            Sibyllastr. 15 | 45136 Essen | N\u00e4he S-Bf. S\u00fcd                        <\/div>\n                    \n                \n                <h3 class=\"etn-title etn-event-title\"><a href=\"https:\/\/hofwerkstatt.de\/en\/programm\/moderne-meditation-frauentreffen\/moderne-meditation-frauentreffen-2\/\">\n                    Moderne Meditation | Frauentreffen<\/a>\n                <\/h3>\n                                    <p>\n                        Sein mit dem, was ist. Dies ist die Herausforderung im t\u00e4glichen Leben. Und sich darauf einlassen zu k\u00f6nnen, hei\u00dft \u201ain                    <\/p>\n                \n                <div class=\"etn-event-footer\">\n                    <div class=\"etn-event-date\">\n                        \t\t\t<span>\n\t\t\t\t<i class=\"etn-icon etn-calendar\"><\/i>\n\t\t\t\t25 February, 2026\t\t\t<\/span>\n\t\t                    <\/div>\n                    <div class=\"etn-atend-btn\">\n                                                <a href=\"#\"  class=\"etn-btn etn-btn-border etn-event-expired\">Expired! <\/a>\n                                            <\/div>\n                <\/div>\n            <\/div>\n                        <!-- content end-->\n        <\/div>\n        <!-- etn event item end-->\n    <\/div>\n        <div class=\"etn-col-md-6 etn-col-lg-20\">\n        <div class=\"etn-event-item\">\n            <!-- thumbnail -->\n            <div class=\"etn-event-thumb\">\n                                    <a\n                        href=\"https:\/\/hofwerkstatt.de\/en\/programm\/embodiment-mentales-training-4\/\"\n                        aria-label=\"\"\n                    >\n                        <img decoding=\"async\" src=\"https:\/\/hofwerkstatt.de\/wp-content\/uploads\/2025\/07\/IMG_1623-Webseite-Hofwerkstatt-scaled.jpg\" alt=\"Image\">\n                    <\/a>\n                \n                <div class=\"etn-event-category\">\n                    <span>Bewusstseinsarbeit<\/span>                 <\/div>\n                            <\/div>\n            <!-- thumbnail start-->\n\n            <!-- content start-->\n            <div class=\"etn-event-content\">\n                                                            <div class=\"etn-event-location\">\n                            <i class=\"etn-icon etn-location\"><\/i>\n                            Sibyllastr. 15 | 45136 Essen | N\u00e4he S-Bf. S\u00fcd                        <\/div>\n                    \n                \n                <h3 class=\"etn-title etn-event-title\"><a href=\"https:\/\/hofwerkstatt.de\/en\/programm\/embodiment-mentales-training-4\/\">\n                    Embodiment &#038; Mentales Training<\/a>\n                <\/h3>\n                                    <p>\n                        Leitung: Nikolaus Gr\u00f6ber Verk\u00f6rperte Ver\u00e4nderung erleben\u00a0 Workshop: FR 20.3.2026 | 18-20 Uhr | 45,-\u20ac\u00a0 K\u00f6rper und Psyche beeinflussen sich gegenseitig.                    <\/p>\n                \n                <div class=\"etn-event-footer\">\n                    <div class=\"etn-event-date\">\n                        \t\t\t<span>\n\t\t\t\t<i class=\"etn-icon etn-calendar\"><\/i>\n\t\t\t\t20 March, 2026\t\t\t<\/span>\n\t\t                    <\/div>\n                    <div class=\"etn-atend-btn\">\n                                                <a href=\"#\"  class=\"etn-btn etn-btn-border etn-event-expired\">Expired! <\/a>\n                                            <\/div>\n                <\/div>\n            <\/div>\n                        <!-- content end-->\n        <\/div>\n        <!-- etn event item end-->\n    <\/div>\n        <div class=\"etn-col-md-6 etn-col-lg-20\">\n        <div class=\"etn-event-item\">\n            <!-- thumbnail -->\n            <div class=\"etn-event-thumb\">\n                                    <a\n                        href=\"https:\/\/hofwerkstatt.de\/en\/programm\/moderne-meditation-frauentreffen\/moderne-meditation-frauentreffen\/\"\n                        aria-label=\"\"\n                    >\n                        <img decoding=\"async\" src=\"https:\/\/hofwerkstatt.de\/wp-content\/uploads\/2025\/04\/Frauengruppe.jpg\" alt=\"Image\">\n                    <\/a>\n                \n                <div class=\"etn-event-category\">\n                    <span>Bewusstseinsarbeit<\/span>                 <\/div>\n                            <\/div>\n            <!-- thumbnail start-->\n\n            <!-- content start-->\n            <div class=\"etn-event-content\">\n                                                            <div class=\"etn-event-location\">\n                            <i class=\"etn-icon etn-location\"><\/i>\n                            Sibyllastr. 15 | 45136 Essen | N\u00e4he S-Bf. S\u00fcd                        <\/div>\n                    \n                \n                <h3 class=\"etn-title etn-event-title\"><a href=\"https:\/\/hofwerkstatt.de\/en\/programm\/moderne-meditation-frauentreffen\/moderne-meditation-frauentreffen\/\">\n                    Moderne Meditation | Frauentreffen<\/a>\n                <\/h3>\n                                    <p>\n                        Sein mit dem, was ist. Dies ist die Herausforderung im t\u00e4glichen Leben. Und sich darauf einlassen zu k\u00f6nnen, hei\u00dft \u201ain                    <\/p>\n                \n                <div class=\"etn-event-footer\">\n                    <div class=\"etn-event-date\">\n                        \t\t\t<span>\n\t\t\t\t<i class=\"etn-icon etn-calendar\"><\/i>\n\t\t\t\t25 March, 2026\t\t\t<\/span>\n\t\t                    <\/div>\n                    <div class=\"etn-atend-btn\">\n                                                <a href=\"#\"  class=\"etn-btn etn-btn-border etn-event-expired\">Expired! <\/a>\n                                            <\/div>\n                <\/div>\n            <\/div>\n                        <!-- content end-->\n        <\/div>\n        <!-- etn event item end-->\n    <\/div>\n        <div class=\"etn-col-md-6 etn-col-lg-20\">\n        <div class=\"etn-event-item\">\n            <!-- thumbnail -->\n            <div class=\"etn-event-thumb\">\n                                    <a\n                        href=\"https:\/\/hofwerkstatt.de\/en\/programm\/embodiment-mentales-training-5\/\"\n                        aria-label=\"\"\n                    >\n                        <img decoding=\"async\" src=\"https:\/\/hofwerkstatt.de\/wp-content\/uploads\/2025\/07\/IMG_1623-Webseite-Hofwerkstatt-scaled.jpg\" alt=\"Image\">\n                    <\/a>\n                \n                <div class=\"etn-event-category\">\n                    <span>Bewusstseinsarbeit<\/span>                 <\/div>\n                            <\/div>\n            <!-- thumbnail start-->\n\n            <!-- content start-->\n            <div class=\"etn-event-content\">\n                                                            <div class=\"etn-event-location\">\n                            <i class=\"etn-icon etn-location\"><\/i>\n                            Sibyllastr. 15 | 45136 Essen | N\u00e4he S-Bf. S\u00fcd                        <\/div>\n                    \n                \n                <h3 class=\"etn-title etn-event-title\"><a href=\"https:\/\/hofwerkstatt.de\/en\/programm\/embodiment-mentales-training-5\/\">\n                    Embodiment &#038; Mentales Training<\/a>\n                <\/h3>\n                                    <p>\n                        Leitung: Nikolaus Gr\u00f6ber Verk\u00f6rperte Ver\u00e4nderung erleben\u00a0 Workshop: FR 8.5.2026 | 18-20 Uhr | 45,-\u20ac\u00a0 K\u00f6rper und Psyche beeinflussen sich gegenseitig.                    <\/p>\n                \n                <div class=\"etn-event-footer\">\n                    <div class=\"etn-event-date\">\n                        \t\t\t<span>\n\t\t\t\t<i class=\"etn-icon etn-calendar\"><\/i>\n\t\t\t\t8 May, 2026\t\t\t<\/span>\n\t\t                    <\/div>\n                    <div class=\"etn-atend-btn\">\n                                                <a href=\"https:\/\/hofwerkstatt.de\/en\/programm\/embodiment-mentales-training-5\/\" class=\"etn-btn etn-btn-border\"\n                            title=\"Embodiment &#038; Mentales Training\">Attend                            <i class=\"etn-icon etm-arrow-right\"><\/i><\/a>\n                                            <\/div>\n                <\/div>\n            <\/div>\n                        <!-- content end-->\n        <\/div>\n        <!-- etn event item end-->\n    <\/div>\n    <\/div>\n\n\n\t\t\t\t<\/div>\n\t\t\t<\/div>","protected":false},"author":1,"featured_media":0,"parent":77,"menu_order":0,"comment_status":"closed","ping_status":"closed","template":"","meta":{"_seopress_robots_primary_cat":"","_seopress_titles_title":"","_seopress_titles_desc":"","_seopress_robots_index":"","_et_pb_use_builder":"on","_et_pb_old_content":"","_et_gb_content_width":"","footnotes":""},"class_list":["post-106570","page","type-page","status-publish","hentry"],"_links":{"self":[{"href":"https:\/\/hofwerkstatt.de\/en\/wp-json\/wp\/v2\/pages\/106570","targetHints":{"allow":["GET"]}}],"collection":[{"href":"https:\/\/hofwerkstatt.de\/en\/wp-json\/wp\/v2\/pages"}],"about":[{"href":"https:\/\/hofwerkstatt.de\/en\/wp-json\/wp\/v2\/types\/page"}],"author":[{"embeddable":true,"href":"https:\/\/hofwerkstatt.de\/en\/wp-json\/wp\/v2\/users\/1"}],"replies":[{"embeddable":true,"href":"https:\/\/hofwerkstatt.de\/en\/wp-json\/wp\/v2\/comments?post=106570"}],"version-history":[{"count":0,"href":"https:\/\/hofwerkstatt.de\/en\/wp-json\/wp\/v2\/pages\/106570\/revisions"}],"up":[{"embeddable":true,"href":"https:\/\/hofwerkstatt.de\/en\/wp-json\/wp\/v2\/pages\/77"}],"wp:attachment":[{"href":"https:\/\/hofwerkstatt.de\/en\/wp-json\/wp\/v2\/media?parent=106570"}],"curies":[{"name":"wp","href":"https:\/\/api.w.org\/{rel}","templated":true}]}}