{"id":104,"date":"2025-02-12T16:52:36","date_gmt":"2025-02-12T15:52:36","guid":{"rendered":"http:\/\/wordpress.hofwerkstatt.de\/?page_id=104"},"modified":"2025-12-16T15:43:40","modified_gmt":"2025-12-16T14:43:40","slug":"wege-zur-entspannung-qi-gong","status":"publish","type":"page","link":"https:\/\/hofwerkstatt.de\/en\/programme\/yoga-und-entspannung\/wege-zur-entspannung-qi-gong\/","title":{"rendered":"Wege zur Entspannung &#8211; Qi Gong"},"content":{"rendered":"<p>[et_pb_section fb_built=&#8220;1&#8243; _builder_version=&#8220;4.27.4&#8243; _module_preset=&#8220;default&#8220; background_enable_color=&#8220;off&#8220; background_image=&#8220;https:\/\/hofwerkstatt.de\/wp-content\/uploads\/2025\/02\/HWST.Eingang5.2011-scaled.jpg&#8220; background_position=&#8220;bottom_center&#8220; background_vertical_offset=&#8220;26%&#8220; custom_padding=&#8220;101px||108px|||&#8220; animation_style=&#8220;slide&#8220; animation_direction=&#8220;top&#8220; animation_duration=&#8220;1800ms&#8220; animation_delay=&#8220;10ms&#8220; animation_intensity_slide=&#8220;10%&#8220; saved_tabs=&#8220;all&#8220; global_colors_info=&#8220;{}&#8220;][et_pb_row _builder_version=&#8220;4.16&#8243; _module_preset=&#8220;default&#8220; animation_style=&#8220;slide&#8220; animation_direction=&#8220;right&#8220; animation_duration=&#8220;1800ms&#8220; animation_delay=&#8220;10ms&#8220; animation_intensity_slide=&#8220;10%&#8220; global_colors_info=&#8220;{}&#8220;][et_pb_column type=&#8220;4_4&#8243; _builder_version=&#8220;4.16&#8243; _module_preset=&#8220;default&#8220; global_colors_info=&#8220;{}&#8220;][et_pb_post_title meta=&#8220;off&#8220; featured_image=&#8220;off&#8220; _builder_version=&#8220;4.27.4&#8243; _module_preset=&#8220;default&#8220; title_font=&#8220;&#8211;et_global_heading_font|300|||||||&#8220; title_text_color=&#8220;#FFFFFF&#8220; title_font_size=&#8220;60px&#8220; title_line_height=&#8220;1.2em&#8220; meta_text_color=&#8220;#FFFFFF&#8220; title_font_tablet=&#8220;&#8220; title_font_phone=&#8220;&#8220; title_font_last_edited=&#8220;on|desktop&#8220; title_font_size_tablet=&#8220;49px&#8220; title_font_size_phone=&#8220;26px&#8220; title_font_size_last_edited=&#8220;on|desktop&#8220; title_text_shadow_style=&#8220;preset2&#8243; global_colors_info=&#8220;{}&#8220;][\/et_pb_post_title][et_pb_dmb_breadcrumbs font_icon=&#8220;&#x39;||divi||400&#8243; use_home_icon=&#8220;off&#8220; use_home_text=&#8220;on&#8220; home_text=&#8220;zur Startseite&#8220; _builder_version=&#8220;4.16&#8243; _module_preset=&#8220;default&#8220; body_text_color=&#8220;#FFFFFF&#8220; body_font_size=&#8220;13px&#8220; separator_text_color=&#8220;#FFFFFF&#8220; link_text_color=&#8220;#FFFFFF&#8220; linkhover_text_color=&#8220;#0C71C3&#8243; body_font_size_tablet=&#8220;11px&#8220; body_font_size_phone=&#8220;&#8220; body_font_size_last_edited=&#8220;on|phone&#8220; global_colors_info=&#8220;{}&#8220;][\/et_pb_dmb_breadcrumbs][\/et_pb_column][\/et_pb_row][\/et_pb_section][et_pb_section fb_built=&#8220;1&#8243; _builder_version=&#8220;4.27.4&#8243; _module_preset=&#8220;default&#8220; background_color=&#8220;rgba(152,132,107,0.08)&#8220; global_colors_info=&#8220;{}&#8220;][et_pb_row _builder_version=&#8220;4.27.4&#8243; _module_preset=&#8220;default&#8220; custom_padding=&#8220;||7px|||&#8220; global_colors_info=&#8220;{}&#8220;][et_pb_column type=&#8220;4_4&#8243; _builder_version=&#8220;4.27.4&#8243; _module_preset=&#8220;default&#8220; global_colors_info=&#8220;{}&#8220;][et_pb_text _builder_version=&#8220;4.27.4&#8243; _module_preset=&#8220;default&#8220; header_2_font=&#8220;|300|||||||&#8220; custom_margin=&#8220;||5px|||&#8220; global_colors_info=&#8220;{}&#8220;]<\/p>\n<h2>Leitung: Annette Rixen<\/h2>\n<p>[\/et_pb_text][\/et_pb_column][\/et_pb_row][et_pb_row column_structure=&#8220;3_5,2_5&#8243; _builder_version=&#8220;4.27.4&#8243; _module_preset=&#8220;default&#8220; global_colors_info=&#8220;{}&#8220;][et_pb_column type=&#8220;3_5&#8243; _builder_version=&#8220;4.27.4&#8243; _module_preset=&#8220;default&#8220; global_colors_info=&#8220;{}&#8220;][et_pb_text _builder_version=&#8220;4.27.5&#8243; _module_preset=&#8220;default&#8220; header_2_font=&#8220;|300|||||||&#8220; global_colors_info=&#8220;{}&#8220;]<\/p>\n<p><span class=\"contentLinksBraun\"><strong>Qi Gong<\/strong>:\u00a0<\/span><\/p>\n<p><strong>8 x 60 Min. | Mo. <b><span>16.3.-18.5.2026 (Ferien ausgenommen)<\/span><\/b> | 18.00-19.00 h<\/strong> | 135 Euro<\/p>\n<p>Dieser abgeschlossene Kurs ist auf acht Termine ausgelegt und kann als Gesundheitskurs \u00fcber die Krankenkasse gef\u00f6rdert werden.<\/p>\n<p>Du suchst nach einer M\u00f6glichkeit dem Stress und den allt\u00e4glichen Anforderungen mit mehr Stabilit\u00e4t zu begegnen?<br \/>Lerne mit Qi Gong deine Resilienz zu st\u00e4rken. In diesem Pr\u00e4ventionskurs erlernst Du ein Basis Tool an bewegten und stillen \u00dcbungen (Dong Gong\/Jing Gong) sowie Atemmethoden (Tu Na Gong).<br \/>Diese aus China stammenden und\u00a0zum Teil sehr alten\u00a0\u00dcbungen dienen der ganzheitlichen Entwicklung\u00a0und Pflege von K\u00f6rper und Geist.\u00a0Sie sind leicht in den Alltag integrierbar und haben bei regelm\u00e4\u00dfiger Praxis eine positive Wirkung auf die K\u00f6rperhaltung, das Herz-\/Kreislaufsystem, die Atmung, das Immunsystem, die Beweglichkeit, das Nervensystem<\/p>\n<p>Seit 2006 praktiziere ich das Tai Ji Quan (fr\u00fcher: Tai Chi Chuan) und legte die Kursleiterpr\u00fcfung 2009 ab. Die Entspannungstrainerausbildung 2015 erg\u00e4nzte den Bereich Entspannung noch um die langj\u00e4hrig bekannten Verfahren wie das AT und die PMR. Schlie\u00dflich erweiterte ich mein Wissen in chinesischen Traditionen durch eine Qi Gong Ausbildung (2016-2018) bei meinem langj\u00e4hrigen Shifu Gerhard Milbrat und bilde mich seit dem stetig fort. Seit 2009 unterrichte ich in Pr\u00e4ventionskursen, Wochenkursen, Vereinen sowie Rehakliniken. Meine Pr\u00e4ventionskurse\u00a0sind alle\u00a0nach \u00a720 SGB V\u00a0zertifiziert \u00a0bei der ZPP und erstattungsf\u00e4hig bei den gesetzlichen Krankenkassen.<\/p>\n<p>&nbsp;<\/p>\n<p>[\/et_pb_text][\/et_pb_column][et_pb_column type=&#8220;2_5&#8243; _builder_version=&#8220;4.27.4&#8243; _module_preset=&#8220;default&#8220; background_color=&#8220;#FFFFFF&#8220; custom_padding=&#8220;39px|36px|47px|36px|false|true&#8220; box_shadow_style=&#8220;preset3&#8243; box_shadow_color=&#8220;rgba(0,0,0,0.1)&#8220; global_colors_info=&#8220;{}&#8220;][et_pb_text _builder_version=&#8220;4.27.4&#8243; _module_preset=&#8220;default&#8220; header_5_line_height=&#8220;1.3em&#8220; global_colors_info=&#8220;{}&#8220;]<\/p>\n<h5>Kontakt zur Kursanfrage<\/h5>\n<p>Annette Rixen,<br \/>Lehrerin f\u00fcr Qi Gong (Institut f\u00fcr Daoistische Medizin, Gerhard Milbrat)<br \/>Kursleiterin f\u00fcr Tai Ji Quan (World Chan Xiaowang Taiji Association Germany)<br \/>Entspannungstrainerin f\u00fcr Autogenes Training und Progressive Muskelrelaxation (B.I.E.K.)<\/p>\n<p>Telefon 0201 50 742 430<br \/><a class=\"Brief_Links\" href=\"mailto:a-rixen@web.de\">a-rixen@web.de<\/a><br \/><a class=\"panel Pfeil_Links\" title=\"zu meiner Webseite\" href=\"https:\/\/www.wege-zur-entspannung-essen.de\/\">zu meiner Webseite<\/a><\/p>\n<p>[\/et_pb_text][\/et_pb_column][\/et_pb_row][\/et_pb_section][et_pb_section fb_built=&#8220;1&#8243; _builder_version=&#8220;4.27.4&#8243; _module_preset=&#8220;default&#8220; global_colors_info=&#8220;{}&#8220;][et_pb_row _builder_version=&#8220;4.27.4&#8243; _module_preset=&#8220;default&#8220; global_colors_info=&#8220;{}&#8220;][et_pb_column type=&#8220;4_4&#8243; _builder_version=&#8220;4.27.4&#8243; _module_preset=&#8220;default&#8220; global_colors_info=&#8220;{}&#8220;][eventin_events etn_event_cat=&#8220;on|off&#8220; etn_event_tag=&#8220;off|off|off|off|on|off|off|off|off|off|off|off|off|off|off|off|off&#8220; etn_event_count=&#8220;16&#8243; filter_with_status=&#8220;upcoming&#8220; orderby=&#8220;etn_start_date&#8220; order=&#8220;ASC&#8220; _builder_version=&#8220;4.27.5&#8243; _module_preset=&#8220;default&#8220; hover_enabled=&#8220;0&#8243; global_colors_info=&#8220;{}&#8220; sticky_enabled=&#8220;0&#8243;][\/eventin_events][\/et_pb_column][\/et_pb_row][\/et_pb_section]<\/p>\n","protected":false},"excerpt":{"rendered":"<p>Leitung: Annette RixenQi Gong:\u00a0 8 x 60 Min. | Mo. 16.3.-18.5.2026 (Ferien ausgenommen) | 18.00-19.00 h | 135 Euro Dieser abgeschlossene Kurs ist auf acht Termine ausgelegt und kann als Gesundheitskurs \u00fcber die Krankenkasse gef\u00f6rdert werden. Du suchst nach einer M\u00f6glichkeit dem Stress und den allt\u00e4glichen Anforderungen mit mehr Stabilit\u00e4t zu begegnen?Lerne mit Qi Gong [&hellip;]<\/p>\n","protected":false},"author":1,"featured_media":0,"parent":106440,"menu_order":0,"comment_status":"closed","ping_status":"closed","template":"","meta":{"_seopress_robots_primary_cat":"","_seopress_titles_title":"","_seopress_titles_desc":"","_seopress_robots_index":"","_et_pb_use_builder":"on","_et_pb_old_content":"<h5>Leitung: Annette Rixen<\/h5>\r\n<span class=\"contentLinksBraun\"><strong>Qi Gong<\/strong>:<\/span>\u00a08 x 60 Min. Mi.\u00a08.1.25 \u2013 26.2.25 |\u00a019 \u2013 20 Uhr\r\n8 x 60 Min. Mi.\u00a05.3.25 \u2013 7.5.25 |\u00a019 \u2013 20 Uhr (au\u00dfer in den Ferien)\r\n8 x 60 Min. Mi.\u00a014.5.25 \u2013 2.7.25 |\u00a019 \u2013 20 Uhr\r\n\r\nDu suchst nach einer M\u00f6glichkeit dem Stress und den allt\u00e4glichen Anforderungen mit mehr Stabilit\u00e4t zu begegnen?\r\nLerne mit Qi Gong deine Resilienz zu st\u00e4rken. In diesem Pr\u00e4ventionskurs erlernst Du ein Basis Tool an bewegten und stillen \u00dcbungen (Dong Gong\/Jing Gong) sowie Atemmethoden (Tu Na Gong).\r\nDiese aus China stammenden und\u00a0zum Teil sehr alten\u00a0\u00dcbungen dienen der ganzheitlichen Entwicklung\u00a0und Pflege von K\u00f6rper und Geist.\u00a0Sie sind leicht in den Alltag integrierbar und haben bei regelm\u00e4\u00dfiger Praxis eine positive Wirkung auf die K\u00f6rperhaltung, das Herz-\/Kreislaufsystem, die Atmung, das Immunsystem, die Beweglichkeit, das Nervensystem","_et_gb_content_width":"","footnotes":""},"class_list":["post-104","page","type-page","status-publish","hentry"],"_links":{"self":[{"href":"https:\/\/hofwerkstatt.de\/en\/wp-json\/wp\/v2\/pages\/104","targetHints":{"allow":["GET"]}}],"collection":[{"href":"https:\/\/hofwerkstatt.de\/en\/wp-json\/wp\/v2\/pages"}],"about":[{"href":"https:\/\/hofwerkstatt.de\/en\/wp-json\/wp\/v2\/types\/page"}],"author":[{"embeddable":true,"href":"https:\/\/hofwerkstatt.de\/en\/wp-json\/wp\/v2\/users\/1"}],"replies":[{"embeddable":true,"href":"https:\/\/hofwerkstatt.de\/en\/wp-json\/wp\/v2\/comments?post=104"}],"version-history":[{"count":5,"href":"https:\/\/hofwerkstatt.de\/en\/wp-json\/wp\/v2\/pages\/104\/revisions"}],"predecessor-version":[{"id":108017,"href":"https:\/\/hofwerkstatt.de\/en\/wp-json\/wp\/v2\/pages\/104\/revisions\/108017"}],"up":[{"embeddable":true,"href":"https:\/\/hofwerkstatt.de\/en\/wp-json\/wp\/v2\/pages\/106440"}],"wp:attachment":[{"href":"https:\/\/hofwerkstatt.de\/en\/wp-json\/wp\/v2\/media?parent=104"}],"curies":[{"name":"wp","href":"https:\/\/api.w.org\/{rel}","templated":true}]}}