{"id":100,"date":"2025-02-12T16:50:40","date_gmt":"2025-02-12T15:50:40","guid":{"rendered":"http:\/\/wordpress.hofwerkstatt.de\/?page_id=100"},"modified":"2025-11-19T10:51:05","modified_gmt":"2025-11-19T09:51:05","slug":"yogawege","status":"publish","type":"page","link":"https:\/\/hofwerkstatt.de\/en\/programme\/yoga-und-entspannung\/yogawege\/","title":{"rendered":"Yogawege &#8211; Hatha Yoga"},"content":{"rendered":"<p>[et_pb_section fb_built=&#8220;1&#8243; _builder_version=&#8220;4.27.4&#8243; _module_preset=&#8220;default&#8220; background_enable_color=&#8220;off&#8220; background_image=&#8220;https:\/\/hofwerkstatt.de\/wp-content\/uploads\/2025\/02\/HWST.Eingang5.2011-scaled.jpg&#8220; background_position=&#8220;bottom_center&#8220; background_vertical_offset=&#8220;26%&#8220; custom_padding=&#8220;101px||108px|||&#8220; animation_style=&#8220;slide&#8220; animation_direction=&#8220;top&#8220; animation_duration=&#8220;1800ms&#8220; animation_delay=&#8220;10ms&#8220; global_module=&#8220;104910&#8243; saved_tabs=&#8220;all&#8220; global_colors_info=&#8220;{}&#8220;][et_pb_row _builder_version=&#8220;4.16&#8243; _module_preset=&#8220;default&#8220; animation_style=&#8220;slide&#8220; animation_direction=&#8220;right&#8220; animation_duration=&#8220;1800ms&#8220; animation_delay=&#8220;10ms&#8220; animation_intensity_slide=&#8220;10%&#8220; global_colors_info=&#8220;{}&#8220;][et_pb_column type=&#8220;4_4&#8243; _builder_version=&#8220;4.16&#8243; _module_preset=&#8220;default&#8220; global_colors_info=&#8220;{}&#8220;][et_pb_post_title meta=&#8220;off&#8220; featured_image=&#8220;off&#8220; _builder_version=&#8220;4.27.4&#8243; _module_preset=&#8220;default&#8220; title_font=&#8220;&#8211;et_global_heading_font|300|||||||&#8220; title_text_color=&#8220;#FFFFFF&#8220; title_font_size=&#8220;60px&#8220; title_line_height=&#8220;1.2em&#8220; meta_text_color=&#8220;#FFFFFF&#8220; title_font_tablet=&#8220;&#8220; title_font_phone=&#8220;&#8220; title_font_last_edited=&#8220;on|desktop&#8220; title_font_size_tablet=&#8220;49px&#8220; title_font_size_phone=&#8220;26px&#8220; title_font_size_last_edited=&#8220;on|desktop&#8220; title_text_shadow_style=&#8220;preset2&#8243; global_colors_info=&#8220;{}&#8220;][\/et_pb_post_title][et_pb_dmb_breadcrumbs font_icon=&#8220;&#x39;||divi||400&#8243; use_home_icon=&#8220;off&#8220; use_home_text=&#8220;on&#8220; home_text=&#8220;zur Startseite&#8220; _builder_version=&#8220;4.16&#8243; _module_preset=&#8220;default&#8220; body_text_color=&#8220;#FFFFFF&#8220; body_font_size=&#8220;13px&#8220; separator_text_color=&#8220;#FFFFFF&#8220; link_text_color=&#8220;#FFFFFF&#8220; linkhover_text_color=&#8220;#0C71C3&#8243; body_font_size_tablet=&#8220;11px&#8220; body_font_size_phone=&#8220;&#8220; body_font_size_last_edited=&#8220;on|phone&#8220; global_colors_info=&#8220;{}&#8220;][\/et_pb_dmb_breadcrumbs][\/et_pb_column][\/et_pb_row][\/et_pb_section][et_pb_section fb_built=&#8220;1&#8243; _builder_version=&#8220;4.27.4&#8243; _module_preset=&#8220;default&#8220; background_color=&#8220;rgba(152,132,107,0.08)&#8220; global_colors_info=&#8220;{}&#8220;][et_pb_row _builder_version=&#8220;4.27.4&#8243; _module_preset=&#8220;default&#8220; custom_padding=&#8220;||7px|||&#8220; global_colors_info=&#8220;{}&#8220;][et_pb_column type=&#8220;4_4&#8243; _builder_version=&#8220;4.27.4&#8243; _module_preset=&#8220;default&#8220; global_colors_info=&#8220;{}&#8220;][et_pb_text _builder_version=&#8220;4.27.4&#8243; _module_preset=&#8220;default&#8220; header_2_font=&#8220;|300|||||||&#8220; custom_margin=&#8220;||5px|||&#8220; global_colors_info=&#8220;{}&#8220;]<\/p>\n<h2>Leitung: Kerstin Ro\u00dfm\u00fcller<\/h2>\n<p>[\/et_pb_text][\/et_pb_column][\/et_pb_row][et_pb_row column_structure=&#8220;3_5,2_5&#8243; _builder_version=&#8220;4.27.4&#8243; _module_preset=&#8220;default&#8220; global_colors_info=&#8220;{}&#8220;][et_pb_column type=&#8220;3_5&#8243; _builder_version=&#8220;4.27.4&#8243; _module_preset=&#8220;default&#8220; global_colors_info=&#8220;{}&#8220;][et_pb_text _builder_version=&#8220;4.27.4&#8243; _module_preset=&#8220;default&#8220; header_2_font=&#8220;|300|||||||&#8220; hover_enabled=&#8220;0&#8243; global_colors_info=&#8220;{}&#8220; sticky_enabled=&#8220;0&#8243;]<\/p>\n<p><strong>Hatha Yoga\u00a0| Mo 19.30 \u2013 21.00 Uhr |<\/strong><\/p>\n<p>Mit Blick auf die drei S\u00e4ulen: K\u00f6rper, Atem und Geist \u00fcben wir gemeinsam und variantenreich. Nach und nach gewinnen wir mehr Kraft und Flexibilit\u00e4t in allen Bereichen. Mit Achtsamkeit und Selbstf\u00fcrsorge lernen wir unsere pers\u00f6nlichen Bed\u00fcrfnisse und Gewohnheiten dabei kennen. Auf der Matte und im Alltag findest du so zu mehr Gesundheit und Wohlbefinden.<\/p>\n<p>In meinem Unterricht ber\u00fccksichtige ich gerne die individuellen Voraussetzungen der Teilnehmenden, soweit es in der Gruppe m\u00f6glich ist.<\/p>\n<p>Die hier angebotenen Kurse finden fortlaufend statt (ausgenommen sind Urlaubszeiten und Feiertage).<br \/>Einzelkarte: 20 \u20ac, 10er-Karte (1 Jahr Laufzeit ab erster Stunde): 150 \u20ac, Kursgeb\u00fchr \u2013 Vertrag 4 x monatlich: 48 \u20ac, Vertrag 8 x monatlich: 68 \u20ac, Probestunde: 15 \u20ac<\/p>\n<p><em>(Mindestlaufzeit jeweils drei Monate, danach jederzeitige K\u00fcndigung zum Monatsende)<\/em><\/p>\n<p>Die Kurse finden bei Bedarf in Hybridform statt. So ist es m\u00f6glich, sowohl von zu Hause als auch vor Ort teilzunehmen.<\/p>\n<p>&nbsp;<\/p>\n<p>[\/et_pb_text][\/et_pb_column][et_pb_column type=&#8220;2_5&#8243; _builder_version=&#8220;4.27.4&#8243; _module_preset=&#8220;default&#8220; background_color=&#8220;#FFFFFF&#8220; custom_padding=&#8220;39px|36px|47px|36px|false|true&#8220; box_shadow_style=&#8220;preset3&#8243; box_shadow_color=&#8220;rgba(0,0,0,0.1)&#8220; global_colors_info=&#8220;{}&#8220;][et_pb_text _builder_version=&#8220;4.27.4&#8243; _module_preset=&#8220;default&#8220; header_5_line_height=&#8220;1.3em&#8220; hover_enabled=&#8220;0&#8243; global_colors_info=&#8220;{}&#8220; sticky_enabled=&#8220;0&#8243;]<\/p>\n<h5>Kontakt zur Kursanfrage<\/h5>\n<p><span>Kerstin Ro\u00dfm\u00fcller,<br \/>zertifizierte Yoga-Lehrerin (Richtlinien d. Yoga Alliance), Yin-Yoga -Ausbildung (Stefanie Arend), seit 2019 Svastha- Yogatherapie- Ausbildung (aufbauend auf den Lehren von Krishnamacharya)<\/span><\/p>\n<p><span>Telefon 0201 37644569<\/span><br \/><span>Mobil 0049 178 130 455 6<br \/>Web\u00a0<a href=\"https:\/\/www.yoga-kerstin.com\/\" target=\"_blank\" rel=\"noopener\">yoga-kerstin.com<\/a><\/span><br \/><a class=\"Brief_Links\" href=\"mailto:yoga-kerstin@posteo.de\">yoga-kerstin@posteo.de<\/a><span>\u00a0<\/span><\/p>\n<p>[\/et_pb_text][\/et_pb_column][\/et_pb_row][\/et_pb_section][et_pb_section fb_built=&#8220;1&#8243; admin_label=&#8220;section&#8220; _builder_version=&#8220;4.16&#8243; global_colors_info=&#8220;{}&#8220;][et_pb_row admin_label=&#8220;row&#8220; _builder_version=&#8220;4.16&#8243; background_size=&#8220;initial&#8220; background_position=&#8220;top_left&#8220; background_repeat=&#8220;repeat&#8220; global_colors_info=&#8220;{}&#8220;][et_pb_column type=&#8220;4_4&#8243; _builder_version=&#8220;4.16&#8243; custom_padding=&#8220;|||&#8220; global_colors_info=&#8220;{}&#8220; custom_padding__hover=&#8220;|||&#8220;][eventin_events etn_event_cat=&#8220;on|off&#8220; etn_event_tag=&#8220;off|off|on&#8220; filter_with_status=&#8220;upcoming&#8220; orderby=&#8220;etn_start_date&#8220; order=&#8220;ASC&#8220; _builder_version=&#8220;4.27.4&#8243; _module_preset=&#8220;default&#8220; global_colors_info=&#8220;{}&#8220;][\/eventin_events][\/et_pb_column][\/et_pb_row][\/et_pb_section]<\/p>\n","protected":false},"excerpt":{"rendered":"<p>Leitung: Kerstin Ro\u00dfm\u00fcllerHatha Yoga\u00a0| Mo 19.30 \u2013 21.00 Uhr | Mit Blick auf die drei S\u00e4ulen: K\u00f6rper, Atem und Geist \u00fcben wir gemeinsam und variantenreich. Nach und nach gewinnen wir mehr Kraft und Flexibilit\u00e4t in allen Bereichen. Mit Achtsamkeit und Selbstf\u00fcrsorge lernen wir unsere pers\u00f6nlichen Bed\u00fcrfnisse und Gewohnheiten dabei kennen. Auf der Matte und im [&hellip;]<\/p>\n","protected":false},"author":1,"featured_media":0,"parent":106440,"menu_order":0,"comment_status":"closed","ping_status":"closed","template":"","meta":{"_seopress_robots_primary_cat":"","_seopress_titles_title":"","_seopress_titles_desc":"","_seopress_robots_index":"","_et_pb_use_builder":"on","_et_pb_old_content":"<div id=\"contentSpalteInnerIndex\">\r\n<h5>Leitung: Kerstin Ro\u00dfm\u00fcller,<\/h5>\r\n<span class=\"contentLinksBraun\">Hatha Yoga<\/span>\u00a0| Mo 19.30 - 21.00 Uhr | Mit Blick auf die drei S\u00e4ulen: K\u00f6rper, Atem und Geist \u00fcben wir gemeinsam und variantenreich. Nach und nach gewinnen wir mehr Kraft und Flexibilit\u00e4t in allen Bereichen. Mit Achtsamkeit und Selbstf\u00fcrsorge lernen wir unsere pers\u00f6nlichen Bed\u00fcrfnisse und Gewohnheiten dabei kennen. Auf der Matte und im Alltag findest du so zu mehr Gesundheit und Wohlbefinden\r\n\r\n<span class=\"contentLinksBraun\">Yin Yoga<\/span>\u00a0| Mi 17.15 - 18.45 Uhr | Mit \u00fcberwiegend passiven K\u00f6rperhaltungen, die l\u00e4nger und gest\u00fctzt gehalten werden, dehnen wir die Faszien und unterst\u00fctzen unser Meridiansystem. Die \u00dcbungen helfen, Verklebungen und Verk\u00fcrzungen in den faszialen Strukturen auf sanfte Weise zu l\u00f6sen. Unsere Lebensenergie (Prana) wird wieder in einen ausgeglichenen Fluss gebracht. Am Ende der Stunde sp\u00fcrst du eine tiefe Ruhe. W\u00e4rmende gem\u00fctliche Kleidung ist zu empfehlen.\r\n\r\n\u00a0\r\n\r\n<\/div>\r\n<div class=\"itemNav\"><\/div>","_et_gb_content_width":"","footnotes":""},"class_list":["post-100","page","type-page","status-publish","hentry"],"_links":{"self":[{"href":"https:\/\/hofwerkstatt.de\/en\/wp-json\/wp\/v2\/pages\/100","targetHints":{"allow":["GET"]}}],"collection":[{"href":"https:\/\/hofwerkstatt.de\/en\/wp-json\/wp\/v2\/pages"}],"about":[{"href":"https:\/\/hofwerkstatt.de\/en\/wp-json\/wp\/v2\/types\/page"}],"author":[{"embeddable":true,"href":"https:\/\/hofwerkstatt.de\/en\/wp-json\/wp\/v2\/users\/1"}],"replies":[{"embeddable":true,"href":"https:\/\/hofwerkstatt.de\/en\/wp-json\/wp\/v2\/comments?post=100"}],"version-history":[{"count":1,"href":"https:\/\/hofwerkstatt.de\/en\/wp-json\/wp\/v2\/pages\/100\/revisions"}],"predecessor-version":[{"id":107815,"href":"https:\/\/hofwerkstatt.de\/en\/wp-json\/wp\/v2\/pages\/100\/revisions\/107815"}],"up":[{"embeddable":true,"href":"https:\/\/hofwerkstatt.de\/en\/wp-json\/wp\/v2\/pages\/106440"}],"wp:attachment":[{"href":"https:\/\/hofwerkstatt.de\/en\/wp-json\/wp\/v2\/media?parent=100"}],"curies":[{"name":"wp","href":"https:\/\/api.w.org\/{rel}","templated":true}]}}